{"id":62,"date":"2024-10-26T19:10:15","date_gmt":"2024-10-26T17:10:15","guid":{"rendered":"https:\/\/wereinto.it\/news\/?post_type=product&#038;p=62"},"modified":"2024-10-30T12:33:26","modified_gmt":"2024-10-30T11:33:26","slug":"vermixin","status":"publish","type":"product","link":"https:\/\/wereinto.it\/news\/product\/vermixin\/","title":{"rendered":"Vermixin"},"content":{"rendered":"<table>\n<tbody>\n<tr>\n<td>Sito web<\/td>\n<td>Vermixin.it<\/td>\n<\/tr>\n<tr>\n<td>Azione<\/td>\n<td>\u2714 Elimina tossine, tossine, agenti cancerogeni, tumori e sostanze nocive.<br \/>\n\u2714 Pulisci il corpo dai vermi per sempre.<br \/>\n\u2714 Ripristina i processi metabolici.<br \/>\n\u2714 Regola il tratto gastrointestinale e la funzione intestinale.<\/td>\n<\/tr>\n<tr>\n<td>Componenti<\/td>\n<td>\u2714 Lapacho;<br \/>\n\u2714 Garofano;<br \/>\n\u2714 Corteccia di pioppo tremulo;<br \/>\n\u2714 Sommacco.<\/td>\n<\/tr>\n<tr>\n<td>Istruzioni per l&#8217;uso<\/td>\n<td>\u2714 Assumere 1 capsula due volte al giorno prima dei pasti.<br \/>\n\u2714 La durata consigliata del ricovero \u00e8 di 1 mese.<\/td>\n<\/tr>\n<tr>\n<td>Volume<\/td>\n<td>20 capsule<\/td>\n<\/tr>\n<tr>\n<td>Prezzo<\/td>\n<td>\ud83d\uded1 49 \u20ac<\/td>\n<\/tr>\n<tr>\n<td>Consegna<\/td>\n<td>circa 6 giorni<\/td>\n<\/tr>\n<\/tbody>\n<\/table>\n<h2><b>Vermixin antielmintico contro i parassiti: elimina i segni e le cause dell&#8217;infestazione da elminti!<\/b><\/h2>\n<p><img loading=\"lazy\" decoding=\"async\" class=\"aligncenter size-full wp-image-23\" src=\"http:\/\/wereinto.it\/news\/wp-content\/uploads\/2024\/01\/Vermixin-6.jpg\" alt=\"Vermixin dove comprare\" width=\"500\" height=\"479\" srcset=\"https:\/\/wereinto.it\/news\/wp-content\/uploads\/2024\/01\/Vermixin-6.jpg 500w, https:\/\/wereinto.it\/news\/wp-content\/uploads\/2024\/01\/Vermixin-6-300x287.jpg 300w\" sizes=\"(max-width: 500px) 100vw, 500px\" \/><\/p>\n<p>A cosa serve Vermixin aiuter\u00e0 contro parassiti, elminti e tossine? Ogni anno aumenta la concentrazione di sostanze nocive nei reni, nel fegato e nella cistifellea (prodotti di degradazione dell&#8217;alcol, catrame di sigaretta, sostanze tossiche, parti di cibo non digerito). Inoltre, esiste il rischio di contrarre elminti attraverso il cibo e la saliva degli animali domestici. \u00c8 sufficiente un agente patogeno perch\u00e9 in sei mesi o un anno si formi una \u201cpalla di vermi\u201d nel fegato, nei reni, nei polmoni, nel cuore o nel cervello. Dicono che il concentrato riduca il rischio di tali infestazioni, ma \u00e8 vero?<\/p>\n<p>Vermixin \u00e8 costituito dai concentrati di erbe pi\u00f9 provati e potenti che funzionano 9 volte su 10. Ci\u00f2 \u00e8 stato dimostrato nel trattamento di numerosi pazienti.<\/p>\n<p>Il farmaco Vermixin ha 4 principali azioni terapeutiche:<\/p>\n<ul>\n<li aria-level=\"1\">completa distruzione di tutti i tipi conosciuti di parassiti, rimozione delle loro uova e dei prodotti di scarto dal corpo;<\/li>\n<li aria-level=\"1\">rigenerazione di ogni cellula del fegato, ripristino completo delle sue funzioni;<\/li>\n<li aria-level=\"1\">rafforzare la resistenza del corpo alle infezioni, aumentando significativamente la risposta immunitaria;<\/li>\n<li aria-level=\"1\">pulire la pelle, fermare la crescita e lo sviluppo dei papillomi.<\/li>\n<\/ul>\n<p>Riceverai tutto questo se approfitti dell&#8217;offerta e ordini il prodotto sul sito web del produttore.<\/p>\n<h2><b>I vermi sono un pericolo mortale<\/b><\/h2>\n<p>I tumori cancerosi dello stomaco, dell&#8217;intestino, della vescica e dell&#8217;uretere compaiono sullo sfondo di una maggiore concentrazione di tossine e sostanze nocive. I componenti vengono rilasciati dai parassiti nel corso della loro vita (prodotti di decomposizione, uova e larve). \u00c8 anche noto che gli elminti provocano:<\/p>\n<ul>\n<li aria-level=\"1\">disturbi del tratto gastrointestinale (diarrea, nausea, vomito, stitichezza);<\/li>\n<li aria-level=\"1\">emicranie e mal di testa costanti;<\/li>\n<li aria-level=\"1\">malattie della pelle (dermatiti, acne, dolorose eruzioni cutanee rosse, brufoli, acne);<\/li>\n<li aria-level=\"1\">problemi all&#8217;apparato muscolo-scheletrico (coxartrosi, artrite, gotta, borsiti, spondilite anchilosante, artrosi);<\/li>\n<li aria-level=\"1\">interruzioni del ciclo mestruale e incapacit\u00e0 di concepire un bambino;<\/li>\n<li aria-level=\"1\">impotenza, disfunzione sessuale;<\/li>\n<li aria-level=\"1\">problemi con la minzione (comparsa involontaria di \u201cgoccioline gialle\u201d, incontinenza);<\/li>\n<li aria-level=\"1\">alito cattivo (cibo avariato, denti cattivi, ingiallimento dello smalto, carie, scolorimento delle corone);<\/li>\n<li aria-level=\"1\">difficolt\u00e0 a respirare (i polmoni non riescono ad assorbire la quantit\u00e0 d&#8217;aria necessaria perch\u00e9 i parassiti occupano un grande volume);<\/li>\n<li aria-level=\"1\">diminuzione della vista (miopia o ipermetropia, miopia, oscuramento del corpo vitreo, alterazioni patologiche e irreversibili del cristallino).<\/li>\n<\/ul>\n<p>Le infestazioni parassitarie si verificano nel 90% della popolazione adulta. La difficolt\u00e0 \u00e8 che le uova di elminti \u201cmigrano\u201d rapidamente e vengono trasmesse ai bambini piccoli o agli anziani. Per rimuovere le infestazioni da un corpo indebolito, i medici consigliano di acquistare Vermixin e seguire un corso.<\/p>\n<h3>Cosa succeder\u00e0 se non fai nulla?<\/h3>\n<p>Le infezioni avanzate portano a:<\/p>\n<ul>\n<li aria-level=\"1\">i parassiti si moltiplicano nel tuo corpo a velocit\u00e0 cosmica;<\/li>\n<li aria-level=\"1\">i tessuti e le cellule diventano come un fungo verme (poich\u00e9 tutti i succhi e le sostanze nutritive \u201cdivorano\u201d l&#8217;invasione);<\/li>\n<li aria-level=\"1\">il rischio di infezione di familiari e amici aumenta quasi del 100%;<\/li>\n<li aria-level=\"1\">le complicazioni nel funzionamento delle cellule e dei tessuti interni diventano irreversibili;<\/li>\n<li aria-level=\"1\">il corpo viene infettato da \u201csporco\u201d, agenti cancerogeni, prodotti di scarto delle invasioni;<\/li>\n<li aria-level=\"1\">il malato scopre sintomi di malattie strane e terribili, ma non pu\u00f2 fare nulla;<\/li>\n<li aria-level=\"1\">i vermi si intrecciano in palline e poi gradualmente \u201ccatturano\u201d nuove cellule e tessuti.<\/li>\n<\/ul>\n<p>I trattamenti standard non sempre aiutano. I pazienti che hanno provato la medicina tradizionale lamentano la stessa cosa: una rapida ricaduta. In parole povere, dopo un corso di pillole o t\u00e8, passano sei mesi e poi i parassiti si fanno sentire di nuovo. La ragione di questo fenomeno \u00e8 stata studiata dai medici: gli elminti e le loro uova semplicemente non vengono completamente eliminati dal corpo.<\/p>\n<p>Possono metterti in ospedale. Ma gli IV saranno terribili. I pazienti lamentano che nelle vene vengono iniettate quantit\u00e0 maggiori di sostanze cancerogene e patogene. Di conseguenza, \u00e8 impossibile persino alzarsi dal letto (ti fa male la testa e hai le vertigini, le gambe non ti obbediscono, vacilli in direzioni diverse). E anche dopo il trattamento ospedaliero esiste ancora il rischio di ripetute infezioni interne.<\/p>\n<h2><b>Vermixin \u2013 purificare il corpo senza rischi<\/b><\/h2>\n<p><img loading=\"lazy\" decoding=\"async\" class=\"aligncenter size-full wp-image-25\" src=\"http:\/\/wereinto.it\/news\/wp-content\/uploads\/2024\/01\/Vermixin-8.jpg\" alt=\"Vermixin dove lo posso prendere\" width=\"500\" height=\"489\" srcset=\"https:\/\/wereinto.it\/news\/wp-content\/uploads\/2024\/01\/Vermixin-8.jpg 500w, https:\/\/wereinto.it\/news\/wp-content\/uploads\/2024\/01\/Vermixin-8-300x293.jpg 300w\" sizes=\"(max-width: 500px) 100vw, 500px\" \/><\/p>\n<p>Il prodotto Vermixin \u00e8 disponibile in forma liquida. Il produttore ha confezionato la formula segreta in piccole bottiglie da 10 ml ciascuna. La composizione contiene microelementi naturali, potenziati dal principio sinergico. Dicono che scienziati di molti paesi in tutto il mondo abbiano lavorato alla creazione del prodotto. Vermixin risultati reali \u00e8 stato sottoposto a una serie di test, ricerche e test, durante i quali ha dimostrato la sua qualit\u00e0. Puoi visualizzare i risultati ed esplorare i protocolli sul sito ufficiale del produttore.<\/p>\n<h2><b>Cosa dovresti aspettarti da Vermixin?<\/b><\/h2>\n<p>\u00c8 noto che dopo 1 ciclo del farmaco:<\/p>\n<ol>\n<li aria-level=\"1\">9 pazienti su 10 si sono liberati dell&#8217;acne e delle eruzioni cutanee in meno di 3 settimane;<\/li>\n<li aria-level=\"1\">nel 100% dei casi il rischio di tumori oncologici e di sviluppo del cancro \u00e8 ridotto (sullo sfondo di tossine e invasioni);<\/li>\n<li aria-level=\"1\">Il 94% dei pazienti ha mostrato analisi tossicologiche entro limiti normali.<\/li>\n<\/ol>\n<h2><b>Cosa dice il produttore del prodotto Vermixin?<\/b><\/h2>\n<p><img loading=\"lazy\" decoding=\"async\" class=\"aligncenter size-full wp-image-24\" src=\"http:\/\/wereinto.it\/news\/wp-content\/uploads\/2024\/01\/Vermixin-7.jpg\" alt=\"Vermixin Funziona realmente\" width=\"500\" height=\"331\" srcset=\"https:\/\/wereinto.it\/news\/wp-content\/uploads\/2024\/01\/Vermixin-7.jpg 500w, https:\/\/wereinto.it\/news\/wp-content\/uploads\/2024\/01\/Vermixin-7-300x199.jpg 300w\" sizes=\"(max-width: 500px) 100vw, 500px\" \/><\/p>\n<p>Il produttore promette che come usare il Vermixin:<\/p>\n<ul>\n<li aria-level=\"1\">rimuove le tossine, i rifiuti, gli agenti cancerogeni, i tumori e sostanze nocive;<\/li>\n<li aria-level=\"1\">\u00e8 naturale al 100% (e non ha effetti collaterali);<\/li>\n<li aria-level=\"1\">purifica il corpo dagli elminti per sempre (senza il rischio di ricadute);<\/li>\n<li aria-level=\"1\">ripristina i processi metabolici;<\/li>\n<li aria-level=\"1\">riordina il tratto gastrointestinale e la funzione intestinale;<\/li>\n<li aria-level=\"1\">riduce il rischio di brufoli, acne ed eruzioni cutanee;<\/li>\n<li aria-level=\"1\">migliora il benessere, normalizza l&#8217;equilibrio ormonale;<\/li>\n<li aria-level=\"1\">nutre cellule e tessuti, li riempie di vitamine e sostanze nutritive essenziali.<\/li>\n<\/ul>\n<p>Documenti e protocolli ufficiali indicano che Vermixin pulisce il fegato, il tratto gastrointestinale e la cistifellea in soli 3-5 giorni. Ma per ottenere ulteriori effetti, vale la pena seguire l&#8217;intero corso.<\/p>\n<h2><b>Regole per l&#8217;assunzione delle capsule Vermixin i come si applica<\/b><\/h2>\n<p>\u00c8 di buona qualit\u00e0 le capsule Vermixin vengono fornite con le istruzioni. Prescrive il regime e il dosaggio. Seguire le raccomandazioni del produttore per evitare complicazioni! La durata del corso di trattamento e pulizia del corpo \u00e8 di 1 mese. Ma dopo questo, il produttore consiglia di fare una pausa e ripetere. Considerare le controindicazioni individuali e i possibili effetti collaterali.<\/p>\n<h2><b>Composizione del farmaco contro i vermi Vermixin<\/b><\/h2>\n<ol>\n<li aria-level=\"1\"><b>Lapacho:<\/b> rimuove fino a 30+ specie conosciute di parassiti, elminti e &#8220;parassiti&#8221;. \u00c8 un protettore naturale contro gli effetti dei microrganismi patogeni.<\/li>\n<li aria-level=\"1\"><b>Chiodi di garofano:<\/b> ripristina l&#8217;equilibrio ormonale, tonifica la forza interna del corpo. Il corpo inizia a funzionare meglio e il sistema immunitario si rafforza.<\/li>\n<li aria-level=\"1\"><b>La corteccia di pioppo tremulo<\/b> \u00e8 un potente coleretico e diuretico, normalizza l&#8217;equilibrio interno nelle cellule e nei tessuti.<\/li>\n<li aria-level=\"1\"><b>Sommacco:<\/b> avvia potenti processi di rigenerazione cellulare e riparazione dei tessuti.<\/li>\n<li aria-level=\"1\"><b>Tanaceto: <\/b>migliora il metabolismo, distrugge il guscio proteico delle uova di elminti (e quindi protegge dal rischio di recidiva). Quelli. Non devi preoccuparti che i parassiti ricompaiano tra un mese o due.<\/li>\n<li aria-level=\"1\"><b>Assenzio <\/b>&#8211; rimuove fino a 100+ parassiti conosciuti (nematodi, vermi, elminti). La connessione mette in ordine i processi metabolici interni.<\/li>\n<li aria-level=\"1\"><b>Shiitaki: <\/b>sopprime l&#8217;attivit\u00e0 degli adulti e impedisce la deposizione delle uova. In parole povere, la popolazione dei &#8220;parassiti&#8221; inizia a diminuire in modo naturale.<\/li>\n<\/ol>\n<p>Il farmaco Vermixin altroconsumo contiene reishi e ferula. \u00c8 noto che colpiscono gli adulti secondo il principio della \u201cintossicazione minore\u201d. Quelli. il processo di distruzione dei parassiti avviene senza stress per il corpo.<\/p>\n<h2><b>L&#8217;opinione del parassitologo su Vermixin<\/b><\/h2>\n<p><img loading=\"lazy\" decoding=\"async\" class=\"aligncenter size-full wp-image-27\" src=\"http:\/\/wereinto.it\/news\/wp-content\/uploads\/2024\/01\/Vermixin-10.jpg\" alt=\"Vermixin opinioni\" width=\"500\" height=\"338\" srcset=\"https:\/\/wereinto.it\/news\/wp-content\/uploads\/2024\/01\/Vermixin-10.jpg 500w, https:\/\/wereinto.it\/news\/wp-content\/uploads\/2024\/01\/Vermixin-10-300x203.jpg 300w\" sizes=\"(max-width: 500px) 100vw, 500px\" \/><\/p>\n<blockquote><p><b>Miguel Fernandez <\/b>&#8211; parassitologo<\/p>\n<p>L&#8217;infezione da invasioni si verifica in diverse situazioni di vita. Tradizionalmente si consiglia di sottoporsi ad una visita preventiva dopo una vacanza nei paesi caldi. Gli standard di preparazione del cibo non vengono sempre rispettati negli hotel e nei ristoranti locali. Di conseguenza, larve di mosca, uova di elminti e particelle di vermi potrebbero finire nel tuo corpo. Non dimenticare di fare un tampone e, se necessario, di consultare un medico.<\/p><\/blockquote>\n<h2><b>Quali opinioni sul prodotto Vermixin puoi leggere sui forum?<\/b><\/h2>\n<blockquote><p><b>Jovani<\/b><\/p>\n<p>Un paio di mesi fa ho cominciato a non sentirmi molto bene. Sensazione di stanchezza costante, nervosismo, apatia&#8230; Pensavo di essere semplicemente oberato di lavoro. Ma un medico che conoscevo mi ha aiutato a capire il vero motivo della mia salute. Da lui ho appreso del pericolo rappresentato dai parassiti e del metodo per distruggerli con l&#8217;aiuto del farmaco Vermixin. Uso questo farmaco regolarmente. La piena ripresa \u00e8 ancora lontana, ma i miglioramenti sono ancora evidenti. Vermixin, grazie!<\/p><\/blockquote>\n<blockquote><p><b>Elioenai<\/b><\/p>\n<p>Funziona realmente Vermixin mi ha salvato dal mal di testa. Sono completamente stufo di loro! Pensavo che tutto ci\u00f2 fosse collegato a frequenti viaggi d&#8217;affari. Si \u00e8 scoperto che il motivo erano i parassiti che attaccavano il mio corpo. Ringrazio ancora il mio migliore amico per avermi consigliato un farmaco cos\u00ec buono. Amici! Chiunque pu\u00f2 essere infettato dai parassiti. Pertanto, acquista Vermixin dove lo posso prendere e vivi in \u200b\u200bpace.<\/p><\/blockquote>\n<blockquote><p><b>Wendy<\/b><\/p>\n<p>Mi piacciono molto gli animali! Ho 3 gatti, un pappagallo e una cavia a casa. Non potevo nemmeno immaginare di poter prendere parassiti dai miei animali domestici. L&#8217;ho scoperto durante un esame di routine presso una clinica locale. \u00c8 positivo che mi sia stato prescritto un farmaco efficace. Vermixin in farmacia prezzo scacci\u00f2 rapidamente tutti gli \u201cospiti non invitati\u201d dal mio corpo. Ora sono sano! Ma conservo comunque la confezione del farmaco per ogni evenienza.<\/p><\/blockquote>\n<blockquote><p><b>Hebert<\/b><\/p>\n<p>Sono sensibile alla mia salute, perch\u00e9 credo che nulla possa essere pi\u00f9 importante di questo. Durante il mio ultimo esame, gli esami hanno rivelato la presenza di forme di vita parassitarie nel corpo. Sono stato fortunato con un buon medico che mi ha prescritto un farmaco efficace &#8211; walmart Vermixin. L&#8217;ho preso come un corso e i risultati positivi non si sono fatti attendere. La mia salute non \u00e8 pi\u00f9 in pericolo. Grazie!<\/p><\/blockquote>\n<blockquote><p><b>Claudia<\/b><\/p>\n<p>Pensavo che l&#8217;alitosi fosse dovuto alla mia gastrite cronica, ma si \u00e8 scoperto che era causata da parassiti intestinali. Hanno anche mangiato le mucose, cosa che mi ha minacciato di erosione e ulcere. Ma ho iniziato il trattamento in tempo. Ho bevuto un elisir naturale con erbe benefiche dove comprare Vermixin. Hanno ucciso e rimosso tutti i vermi e hanno anche guarito il tratto gastrointestinale, ora funziona come un orologio!<\/p><\/blockquote>\n<h2><b>Dove vendono il prodotto originale Vermixin e qual \u00e8 il prezzo?<\/b><\/h2>\n<p><img loading=\"lazy\" decoding=\"async\" class=\"aligncenter size-full wp-image-26\" src=\"http:\/\/wereinto.it\/news\/wp-content\/uploads\/2024\/01\/Vermixin-9.jpg\" alt=\"Vermixin \u00c8 di buona qualit\u00e0\" width=\"500\" height=\"264\" srcset=\"https:\/\/wereinto.it\/news\/wp-content\/uploads\/2024\/01\/Vermixin-9.jpg 500w, https:\/\/wereinto.it\/news\/wp-content\/uploads\/2024\/01\/Vermixin-9-300x158.jpg 300w\" sizes=\"(max-width: 500px) 100vw, 500px\" \/><\/p>\n<p>L&#8217;ordine Vermixin \u00e8 disponibile solo sul sito ufficiale dell&#8217;azienda. Il prodotto non ha ancora raggiunto le catene di vendita al dettaglio. I prodotti non sono offerti nelle farmacie e nelle farmacie della citt\u00e0. Non ci sono bottiglie negli asili nido e sia sul mercato.<\/p>\n<p>Fai attenzione ai truffatori che potrebbero offrire farmaci con un nome o un design simile (ma l&#8217;efficacia sar\u00e0 in dubbio). Il prezzo farmacia simile \u00e8 ridotto di Vermixin perch\u00e9 c&#8217;\u00e8 una promozione. C&#8217;\u00e8 l&#8217;opportunit\u00e0 di ottenere uno sconto.<\/p>\n","protected":false},"excerpt":{"rendered":"<p>Vermixin \u00e8 un rimedio naturale a base di erbe che aiuta a eliminare parassiti, uova e tossine dal corpo, contribuendo alla rigenerazione del fegato e rafforzando il sistema immunitario. Grazie alla sua formula, favorisce anche una pelle pulita e contrasta lo sviluppo dei papillomi.<\/p>\n","protected":false},"featured_media":22,"comment_status":"open","ping_status":"closed","template":"","meta":[],"product_cat":[17],"product_tag":[],"class_list":{"0":"post-62","1":"product","2":"type-product","3":"status-publish","4":"has-post-thumbnail","6":"product_cat-uncategorized","8":"first","9":"instock","10":"sale","11":"shipping-taxable","12":"purchasable","13":"product-type-simple"},"yoast_head":"<!-- This site is optimized with the Yoast SEO plugin v21.8 - https:\/\/yoast.com\/wordpress\/plugins\/seo\/ -->\n<title>Vermixin acquista capsule antiparassitarie su Wereinto<\/title>\n<meta name=\"robots\" content=\"noindex, follow, max-snippet:-1, max-image-preview:large, max-video-preview:-1\" \/>\n<meta property=\"og:locale\" content=\"it_IT\" \/>\n<meta property=\"og:type\" content=\"article\" \/>\n<meta property=\"og:title\" content=\"Vermixin acquista capsule antiparassitarie su Wereinto\" \/>\n<meta property=\"og:description\" content=\"Vermixin \u00e8 un rimedio naturale a base di erbe che aiuta a eliminare parassiti, uova e tossine dal corpo, contribuendo alla rigenerazione del fegato e rafforzando il sistema immunitario. Grazie alla sua formula, favorisce anche una pelle pulita e contrasta lo sviluppo dei papillomi.\" \/>\n<meta property=\"og:url\" content=\"https:\/\/wereinto.it\/news\/product\/vermixin\/\" \/>\n<meta property=\"og:site_name\" content=\"wereinto\" \/>\n<meta property=\"article:modified_time\" content=\"2024-10-30T11:33:26+00:00\" \/>\n<meta property=\"og:image\" content=\"http:\/\/wereinto.it\/news\/wp-content\/uploads\/2024\/01\/Vermixin.jpg\" \/>\n\t<meta property=\"og:image:width\" content=\"299\" \/>\n\t<meta property=\"og:image:height\" content=\"253\" \/>\n\t<meta property=\"og:image:type\" content=\"image\/jpeg\" \/>\n<meta name=\"twitter:card\" content=\"summary_large_image\" \/>\n<meta name=\"twitter:label1\" content=\"Tempo di lettura stimato\" \/>\n\t<meta name=\"twitter:data1\" content=\"9 minuti\" \/>\n<script type=\"application\/ld+json\" class=\"yoast-schema-graph\">{\"@context\":\"https:\/\/schema.org\",\"@graph\":[{\"@type\":\"WebPage\",\"@id\":\"https:\/\/wereinto.it\/news\/product\/vermixin\/\",\"url\":\"https:\/\/wereinto.it\/news\/product\/vermixin\/\",\"name\":\"Vermixin acquista capsule antiparassitarie su Wereinto\",\"isPartOf\":{\"@id\":\"https:\/\/wereinto.it\/news\/#website\"},\"datePublished\":\"2024-10-26T17:10:15+00:00\",\"dateModified\":\"2024-10-30T11:33:26+00:00\",\"breadcrumb\":{\"@id\":\"https:\/\/wereinto.it\/news\/product\/vermixin\/#breadcrumb\"},\"inLanguage\":\"it-IT\",\"potentialAction\":[{\"@type\":\"ReadAction\",\"target\":[\"https:\/\/wereinto.it\/news\/product\/vermixin\/\"]}]},{\"@type\":\"BreadcrumbList\",\"@id\":\"https:\/\/wereinto.it\/news\/product\/vermixin\/#breadcrumb\",\"itemListElement\":[{\"@type\":\"ListItem\",\"position\":1,\"name\":\"Home\",\"item\":\"https:\/\/wereinto.it\/news\/\"},{\"@type\":\"ListItem\",\"position\":2,\"name\":\"Negozio\",\"item\":\"https:\/\/wereinto.it\/news\/\"},{\"@type\":\"ListItem\",\"position\":3,\"name\":\"Vermixin\"}]},{\"@type\":\"WebSite\",\"@id\":\"https:\/\/wereinto.it\/news\/#website\",\"url\":\"https:\/\/wereinto.it\/news\/\",\"name\":\"wereinto\",\"description\":\"news\",\"potentialAction\":[{\"@type\":\"SearchAction\",\"target\":{\"@type\":\"EntryPoint\",\"urlTemplate\":\"https:\/\/wereinto.it\/news\/?s={search_term_string}\"},\"query-input\":\"required name=search_term_string\"}],\"inLanguage\":\"it-IT\"}]}<\/script>\n<!-- \/ Yoast SEO plugin. -->","yoast_head_json":{"title":"Vermixin acquista capsule antiparassitarie su Wereinto","robots":{"index":"noindex","follow":"follow","max-snippet":"max-snippet:-1","max-image-preview":"max-image-preview:large","max-video-preview":"max-video-preview:-1"},"og_locale":"it_IT","og_type":"article","og_title":"Vermixin acquista capsule antiparassitarie su Wereinto","og_description":"Vermixin \u00e8 un rimedio naturale a base di erbe che aiuta a eliminare parassiti, uova e tossine dal corpo, contribuendo alla rigenerazione del fegato e rafforzando il sistema immunitario. Grazie alla sua formula, favorisce anche una pelle pulita e contrasta lo sviluppo dei papillomi.","og_url":"https:\/\/wereinto.it\/news\/product\/vermixin\/","og_site_name":"wereinto","article_modified_time":"2024-10-30T11:33:26+00:00","og_image":[{"width":299,"height":253,"url":"http:\/\/wereinto.it\/news\/wp-content\/uploads\/2024\/01\/Vermixin.jpg","type":"image\/jpeg"}],"twitter_card":"summary_large_image","twitter_misc":{"Tempo di lettura stimato":"9 minuti"},"schema":{"@context":"https:\/\/schema.org","@graph":[{"@type":"WebPage","@id":"https:\/\/wereinto.it\/news\/product\/vermixin\/","url":"https:\/\/wereinto.it\/news\/product\/vermixin\/","name":"Vermixin acquista capsule antiparassitarie su Wereinto","isPartOf":{"@id":"https:\/\/wereinto.it\/news\/#website"},"datePublished":"2024-10-26T17:10:15+00:00","dateModified":"2024-10-30T11:33:26+00:00","breadcrumb":{"@id":"https:\/\/wereinto.it\/news\/product\/vermixin\/#breadcrumb"},"inLanguage":"it-IT","potentialAction":[{"@type":"ReadAction","target":["https:\/\/wereinto.it\/news\/product\/vermixin\/"]}]},{"@type":"BreadcrumbList","@id":"https:\/\/wereinto.it\/news\/product\/vermixin\/#breadcrumb","itemListElement":[{"@type":"ListItem","position":1,"name":"Home","item":"https:\/\/wereinto.it\/news\/"},{"@type":"ListItem","position":2,"name":"Negozio","item":"https:\/\/wereinto.it\/news\/"},{"@type":"ListItem","position":3,"name":"Vermixin"}]},{"@type":"WebSite","@id":"https:\/\/wereinto.it\/news\/#website","url":"https:\/\/wereinto.it\/news\/","name":"wereinto","description":"news","potentialAction":[{"@type":"SearchAction","target":{"@type":"EntryPoint","urlTemplate":"https:\/\/wereinto.it\/news\/?s={search_term_string}"},"query-input":"required name=search_term_string"}],"inLanguage":"it-IT"}]}},"_links":{"self":[{"href":"https:\/\/wereinto.it\/news\/wp-json\/wp\/v2\/product\/62"}],"collection":[{"href":"https:\/\/wereinto.it\/news\/wp-json\/wp\/v2\/product"}],"about":[{"href":"https:\/\/wereinto.it\/news\/wp-json\/wp\/v2\/types\/product"}],"replies":[{"embeddable":true,"href":"https:\/\/wereinto.it\/news\/wp-json\/wp\/v2\/comments?post=62"}],"wp:featuredmedia":[{"embeddable":true,"href":"https:\/\/wereinto.it\/news\/wp-json\/wp\/v2\/media\/22"}],"wp:attachment":[{"href":"https:\/\/wereinto.it\/news\/wp-json\/wp\/v2\/media?parent=62"}],"wp:term":[{"taxonomy":"product_cat","embeddable":true,"href":"https:\/\/wereinto.it\/news\/wp-json\/wp\/v2\/product_cat?post=62"},{"taxonomy":"product_tag","embeddable":true,"href":"https:\/\/wereinto.it\/news\/wp-json\/wp\/v2\/product_tag?post=62"}],"curies":[{"name":"wp","href":"https:\/\/api.w.org\/{rel}","templated":true}]}}