{"id":64,"date":"2024-10-26T19:11:19","date_gmt":"2024-10-26T17:11:19","guid":{"rendered":"https:\/\/wereinto.it\/news\/?post_type=product&#038;p=64"},"modified":"2024-10-30T12:33:16","modified_gmt":"2024-10-30T11:33:16","slug":"feronex","status":"publish","type":"product","link":"https:\/\/wereinto.it\/news\/product\/feronex\/","title":{"rendered":"Feronex"},"content":{"rendered":"<table>\n<tbody>\n<tr>\n<td>Sito web<\/td>\n<td>Feronex.it<\/td>\n<\/tr>\n<tr>\n<td>Azione<\/td>\n<td>\u2714 Bioformula per influenzare le funzioni sessuali degli uomini;<br \/>\n\u2714 Pi\u00f9 potenza e forza per momenti indimenticabili a letto;<br \/>\n\u2714 Miglioramento della resistenza e della libido;<br \/>\n\u2714 Membri soddisfatti che ti chiedono di pi\u00f9.<\/td>\n<\/tr>\n<tr>\n<td>Componenti<\/td>\n<td>\u2714 Tribulus terrestris;<br \/>\n\u2714 Ginseng;<br \/>\n\u2714 Miura Puama.<\/td>\n<\/tr>\n<tr>\n<td>Istruzioni per l&#8217;uso<\/td>\n<td>\u2714 Bere 2 capsule al giorno 30 minuti prima dei pasti.<br \/>\n\u2714 Puoi anche assumere semplicemente 1 capsula 30 minuti prima del rapporto intimo.<br \/>\n\u2714 Si consiglia di assumerlo per almeno 1 mese.<\/td>\n<\/tr>\n<tr>\n<td>Volume<\/td>\n<td>30 capsule<\/td>\n<\/tr>\n<tr>\n<td>Prezzo<\/td>\n<td>\ud83d\uded1 49 \u20ac<\/td>\n<\/tr>\n<tr>\n<td>Consegna<\/td>\n<td>Circa 5 giorni<\/td>\n<\/tr>\n<\/tbody>\n<\/table>\n<h2><b>Feronex \u2013 capsule con bioformula per essere un vero uomo a letto!<\/b><\/h2>\n<p><img loading=\"lazy\" decoding=\"async\" class=\"aligncenter size-full wp-image-31\" src=\"http:\/\/wereinto.it\/news\/wp-content\/uploads\/2024\/01\/Feronex-3.jpg\" alt=\"Feronex come si applica\" width=\"500\" height=\"340\" srcset=\"https:\/\/wereinto.it\/news\/wp-content\/uploads\/2024\/01\/Feronex-3.jpg 500w, https:\/\/wereinto.it\/news\/wp-content\/uploads\/2024\/01\/Feronex-3-300x204.jpg 300w\" sizes=\"(max-width: 500px) 100vw, 500px\" \/><\/p>\n<p>Feronex &#8211; capsule con una bioformula contenente estratti naturali. Il loro obiettivo \u00e8 aiutarti a sentirti un vero uomo a letto, superando tutti i problemi associati alle scarse prestazioni sessuali.<\/p>\n<p>A cosa serve le capsule naturali Feronex permettono ad ogni uomo di affrontare i problemi intimi &#8211; che si tratti di bassa libido, erezione instabile, breve durata del rapporto o semplicemente desiderio di maggiore piacere ed euforia a letto. Pertanto stanno diventando sempre pi\u00f9 popolari e godono di recensioni e testimonianze positive da parte di molti clienti soddisfatti.<\/p>\n<p>\u00c8 giunto il momento per il nostro team di studiarne le propriet\u00e0 e capire perch\u00e9 le capsule Feronex godono di recensioni positive da molti paesi. Piaceranno anche agli uomini? Si possono acquistare facilmente ad un buon prezzo? Sono facili da prendere? Come funzionano i loro ingredienti naturali e sono conosciuti per le loro propriet\u00e0 in tutto il mondo? Resta sintonizzato fino alla fine della nostra recensione Feronex per maggiori dettagli!<\/p>\n<h2><b>Ginseng per la libido \u2013 missione compiuta!<\/b><\/h2>\n<p>Il Ginseng \u00e8 un&#8217;erba tradizionalmente utilizzata nella medicina popolare cinese da molti anni. \u00c8 un antiossidante molto potente, oltre alle sue propriet\u00e0 antinfiammatorie. \u00c8 noto anche per le sue propriet\u00e0 benefiche in relazione ai processi mentali, quindi pu\u00f2 avere effetti benefici anche sulle persone affette da malattia di Alzheimer. L&#8217;erba \u00e8 anche una di quelle che rafforza con successo il sistema immunitario e protegge dall&#8217;influenza e dai virus.<\/p>\n<p>Ma il ginseng pu\u00f2 influenzare la libido? La risposta \u00e8 si! L\u2019estratto di ginseng pu\u00f2 aiutare a prolungare l\u2019erezione. Gli scienziati ritengono che ci\u00f2 sia dovuto alle sue capacit\u00e0 antiossidanti, nonch\u00e9 al fatto che pu\u00f2 favorire il flusso sanguigno nella zona pelvica. Rilassa anche i muscoli, aiutandoti a rilassarti e calmarti durante i momenti intimi.<\/p>\n<p>Questo \u00e8 anche uno dei motivi per cui \u00e8 incluso nella formula delle biocapsule come estratto organico Feronex.<\/p>\n<h2><b>Indicazioni per l&#8217;uso Feronex<\/b><\/h2>\n<p>Si consiglia di utilizzare Feronex nei seguenti casi:<\/p>\n<ol>\n<li aria-level=\"1\">Bassi livelli di testosterone.<\/li>\n<li aria-level=\"1\">Problemi di erezione.<\/li>\n<li aria-level=\"1\">Basso livello di desiderio sessuale.<\/li>\n<li aria-level=\"1\">Deterioramento della salute dovuto alla mancanza di ormoni maschili.<\/li>\n<\/ol>\n<h2><b>Quali vantaggi offrono gli acquirenti alle capsule Feronex?<\/b><\/h2>\n<p><img loading=\"lazy\" decoding=\"async\" class=\"aligncenter size-full wp-image-30\" src=\"http:\/\/wereinto.it\/news\/wp-content\/uploads\/2024\/01\/Feronex-2.jpg\" alt=\"Feronex come usare il\" width=\"500\" height=\"304\" srcset=\"https:\/\/wereinto.it\/news\/wp-content\/uploads\/2024\/01\/Feronex-2.jpg 500w, https:\/\/wereinto.it\/news\/wp-content\/uploads\/2024\/01\/Feronex-2-300x182.jpg 300w\" sizes=\"(max-width: 500px) 100vw, 500px\" \/><\/p>\n<p>Le opinioni su Feronex provengono da molti uomini e donne soddisfatti da tutto il paese. C&#8217;erano molti motivi per provare un prodotto naturale: dai problemi di erezione al semplice desiderio di variet\u00e0 a letto e pi\u00f9 piacere nei momenti intimi. Ma la buona notizia \u00e8 che, qualunque sia il motivo, la maggior parte dei clienti \u00e8 soddisfatta del prodotto e quindi condivide la propria opinione su Feronex risultati reali. Si prevede che gli acquirenti preferiscano le biocapsule proprio per la loro formula organica.<\/p>\n<p>Ecco altri vantaggi, secondo molte recensioni di Feronex:<\/p>\n<ol>\n<li aria-level=\"1\">Bioformula per influenzare le funzioni sessuali degli uomini;<\/li>\n<li aria-level=\"1\">Pi\u00f9 potenza e forza per momenti indimenticabili a letto;<\/li>\n<li aria-level=\"1\">Miglioramento della resistenza e della libido;<\/li>\n<li aria-level=\"1\">Partner soddisfatti che ti chiedono di pi\u00f9;<\/li>\n<li aria-level=\"1\">Adatto per l&#8217;uso quotidiano;<\/li>\n<li aria-level=\"1\">Prezzo conveniente quando si ordina sul sito ufficiale;<\/li>\n<li aria-level=\"1\">Non ci sono dati su effetti collaterali spiacevoli o controindicazioni.<\/li>\n<\/ol>\n<h2><b>Qual \u00e8 la composizione delle capsule Feronex?<\/b><\/h2>\n<p>\u00c8 di buona qualit\u00e0 Feronex contiene tre principi attivi di origine naturale. Il produttore del prodotto si concentra esclusivamente sulle erbe che possono supportare la potenza maschile e il piacere a letto. Ci\u00f2 rende la loro combinazione unica nel suo genere e tutti sono stati oggetto di numerosi studi in tutto il mondo per quanto riguarda i loro effetti positivi sul sistema riproduttivo maschile.<\/p>\n<p>Ecco cosa includono gli ingredienti naturali Feronex:<\/p>\n<ol>\n<li aria-level=\"1\"><b>Il Tribulus Terrestris <\/b>\u00e8 una delle erbe pi\u00f9 popolari per aumentare la libido. Ci\u00f2 colpisce soprattutto gli uomini. Supporta l\u2019equilibrio ormonale maschile, la forza, l\u2019energia e la resistenza. \u00c8 utile sia per la disfunzione erettile che semplicemente per influenzare la libido e la potenza maschile.<\/li>\n<li aria-level=\"1\"><b>Ginseng <\/b>\u2013 sostiene la resistenza ed \u00e8 particolarmente utile per gli uomini che soffrono di disfunzione erettile. Oltre a ci\u00f2, aumenta le funzioni energetiche e del sistema immunitario.<\/li>\n<li aria-level=\"1\"><b>Miura Puama<\/b> &#8211; ha un effetto positivo sul bisogno e sul desiderio di intimit\u00e0. Migliora le funzioni sessuali generali del corpo.<\/li>\n<\/ol>\n<h2><b>Istruzioni per l&#8217;uso corretto del farmaco Feronex i come si applica<\/b><\/h2>\n<p><img loading=\"lazy\" decoding=\"async\" class=\"aligncenter size-full wp-image-29\" src=\"http:\/\/wereinto.it\/news\/wp-content\/uploads\/2024\/01\/Feronex-1.jpg\" alt=\"Feronex risultati reali\" width=\"500\" height=\"352\" srcset=\"https:\/\/wereinto.it\/news\/wp-content\/uploads\/2024\/01\/Feronex-1.jpg 500w, https:\/\/wereinto.it\/news\/wp-content\/uploads\/2024\/01\/Feronex-1-300x211.jpg 300w\" sizes=\"(max-width: 500px) 100vw, 500px\" \/><\/p>\n<p>Funziona realmente facile da accettare Feronex. I clienti devono seguire le istruzioni per l&#8217;uso, che sono molto brevi. Ecco come puoi ottenere come usare il Feronex:<\/p>\n<ol>\n<li aria-level=\"1\">Bere 2 capsule al giorno 30 minuti prima dei pasti, principalmente al mattino e alla sera.<\/li>\n<li aria-level=\"1\">Puoi anche semplicemente assumere 1 capsula 30 minuti prima del rapporto intimo.<\/li>\n<li aria-level=\"1\">Sono adatti per l&#8217;uso quotidiano e si consiglia di farlo per almeno 1 mese.<\/li>\n<\/ol>\n<h2><b>Controindicazioni<\/b><\/h2>\n<p>Feronex altroconsumo contiene ingredienti naturali e generalmente non ha effetti collaterali gravi. Tuttavia, alcune persone potrebbero avere reazioni allergiche ad alcuni componenti del farmaco.<\/p>\n<p>Di seguito le principali controindicazioni all&#8217;uso di Feronex:<\/p>\n<ul>\n<li aria-level=\"1\"><b>Intolleranza individuale: <\/b>se soffri di allergia o sai di avere un&#8217;intolleranza individuale ad uno degli ingredienti, non \u00e8 consigliabile l&#8217;uso Feronex.<\/li>\n<li aria-level=\"1\"><b>Bambini: <\/b>sconsigliato l&#8217;uso da parte dei bambini.<\/li>\n<\/ul>\n<p>Puoi andare al sito ufficiale del produttore Feronex cliccando sul pulsante qui sotto.<\/p>\n<h2><b>Opinione di esperti sulle capsule Feronex<\/b><\/h2>\n<p><img loading=\"lazy\" decoding=\"async\" class=\"aligncenter size-full wp-image-32\" src=\"http:\/\/wereinto.it\/news\/wp-content\/uploads\/2024\/01\/Feronex-4.jpg\" alt=\"Feronex a cosa serve\" width=\"500\" height=\"329\" srcset=\"https:\/\/wereinto.it\/news\/wp-content\/uploads\/2024\/01\/Feronex-4.jpg 500w, https:\/\/wereinto.it\/news\/wp-content\/uploads\/2024\/01\/Feronex-4-300x197.jpg 300w\" sizes=\"(max-width: 500px) 100vw, 500px\" \/><\/p>\n<blockquote><p><b>Jorge Mosvida<\/b> &#8211; terapista sessuale<\/p>\n<p>Molti farmaci per aumentare la potenza hanno effetti estremamente dannosi sul cuore e sul fegato e possono persino essere fatali. D\u2019altra parte, molti farmaci pi\u00f9 sicuri spesso non danno l\u2019effetto desiderato. Tuttavia, l&#8217;anno scorso ho partecipato a un esame indipendente su un nuovo farmaco Feronex. \u00c8 stato un incidente inaspettato, ma i risultati del test ci hanno sorpreso tutti. Il farmaco contiene solo ingredienti naturali e il livello di testosterone di molti uomini \u00e8 aumentato di 7-8 volte! Inoltre le capsule non hanno causato effetti collaterali o allergie.<\/p><\/blockquote>\n<p>Pertanto consiglio questo farmaco conveniente a tutti gli uomini, sia giovani che maturi. Sfortunatamente, molte persone hanno problemi di potenza, ma esiste una soluzione al problema e questo \u00e8 il farmaco Feronex.<\/p>\n<h2><b>Quali opinioni sulle capsule Feronex hanno lasciato i clienti sui forum?<\/b><\/h2>\n<blockquote><p><b>Donovan<\/b><\/p>\n<p>Grazie alle recensioni positive sulle capsule Feronex, ho deciso di acquistarle. Molti uomini hanno confermato che il farmaco funziona davvero. L&#8217;ho verificato personalmente assumendo le capsule senza effetti collaterali.<\/p><\/blockquote>\n<blockquote><p><b>Geovanni<\/b><\/p>\n<p>Sono ancora giovane, ma ho problemi a letto. Avevo paura di fallire, quindi ho iniziato a cercare informazioni sui farmaci per migliorare la potenza. Alla fine ho acquistato le capsule Feronex dove lo posso prendere e ho seguito le istruzioni. Il farmaco \u00e8 davvero buono, aiuta a ottenere rapidamente risultati migliori.<\/p><\/blockquote>\n<blockquote><p><b>Carlos<\/b><\/p>\n<p>Fino all\u2019et\u00e0 di 55 anni non avevo idea che avrei potuto avere un problema di erezione. Sono andato da un terapista sessuale e sono stato curato, ma niente ha aiutato. Ho deciso di ordinare il preparato a base di erbe Feronex, pensavo che almeno non ci sarebbero stati effetti collaterali. Tuttavia, le capsule si sono rivelate davvero fantastiche e mi hanno aiutato ad affrontare il problema.<\/p><\/blockquote>\n<blockquote><p><b>Iran<\/b><\/p>\n<p>Ho notato che mio marito evita l&#8217;intimit\u00e0 a causa di problemi di potenza. Volevo aiutarlo e ho passato molto tempo alla ricerca di un farmaco adatto. Ho scelto Feronex. Funziona bene anche dopo un consumo moderato di alcol, rilassa e allevia le paure.<\/p><\/blockquote>\n<h2><b>Condizioni e periodi di conservazione<\/b><\/h2>\n<p>Feronex deve essere conservato in un luogo asciutto ad una temperatura non superiore a 25 gradi. La durata di conservazione delle capsule \u00e8 di 2 anni.<\/p>\n<h2><b>Verit\u00e0 o truffa?<\/b><\/h2>\n<p>Feronex dove comprare \u00e8 un prodotto reale che ha una composizione naturale e un&#8217;efficacia comprovata. Tuttavia, come con qualsiasi prodotto per il potenziamento maschile, l\u2019efficacia di Feronex pu\u00f2 variare da utente a utente.<\/p>\n<h2><b>Dove vendono il farmaco Feronex?<\/b><\/h2>\n<p><img loading=\"lazy\" decoding=\"async\" class=\"aligncenter size-full wp-image-33\" src=\"http:\/\/wereinto.it\/news\/wp-content\/uploads\/2024\/01\/Feronex-5.jpg\" alt=\"Feronex dove vendono\" width=\"500\" height=\"361\" srcset=\"https:\/\/wereinto.it\/news\/wp-content\/uploads\/2024\/01\/Feronex-5.jpg 500w, https:\/\/wereinto.it\/news\/wp-content\/uploads\/2024\/01\/Feronex-5-300x217.jpg 300w\" sizes=\"(max-width: 500px) 100vw, 500px\" \/><\/p>\n<p>Feronex pu\u00f2 essere dove vendono sul sito ufficiale del produttore. L&#8217;acquisto sul sito ufficiale garantisce la qualit\u00e0 del prodotto e protegge dalle contraffazioni.<\/p>\n<h2><b>Prezzo del farmaco Feronex?<\/b><\/h2>\n<p>Acquistare un prodotto biocosmetico \u00e8 facile e ad un buon prezzo farmacia simile Feronex. Questo pu\u00f2 essere fatto solo attraverso il sito ufficiale del prodotto, dove viene offerto direttamente dal produttore. Pertanto, non lo troverai in molti grandi negozi online. Questo vale anche per farmacie, parafarmacie o sexy shop. Preferiscono questo approccio da parte del produttore con lo stesso nome, grazie al quale sono sicuri che gli acquirenti riceveranno un prodotto originale ad in farmacia prezzo accessibile walmart Feronex. I clienti dicono di essere d&#8217;accordo con questo approccio e lui ritiene che il prezzo del prodotto sia ragionevole perch\u00e9 gli ingredienti sono di origine esotica e biologica.<\/p>\n<p>Per effettuare l&#8217;ordine, i clienti possono visitare il sito ufficiale di Feronex. L\u00ec troveranno un campo ordine in cui potranno inserire i loro nomi e il numero di telefono del contatto attuale. Presto riceveranno anche una chiamata di conferma dell&#8217;ordine dal distributore ufficiale. Se i problemi persistono, possono anche consultare la nostra guida al pagamento rapido.<\/p>\n<h2><b>Maestro dell&#8217;autostima!<\/b><\/h2>\n<p>A volte tutto ci\u00f2 di cui abbiamo bisogno \u00e8 un po\u2019 pi\u00f9 di fiducia! Anche le erbe per aumentare la libido possono aiutare, ma se non sei pronto, sar\u00e0 una dura battaglia. Pertanto, vivi una vita sana, fai sport, appari attraente. E questo ha un effetto positivo su tutti gli aspetti della vita, compresa l&#8217;intimit\u00e0!<\/p>\n<p>Le Biocapsule Naturali Feronex stanno diventando sempre pi\u00f9 popolari grazie alla loro formula naturale che supporta la libido maschile. Ora puoi trovare recensioni e commenti positivi sul prodotto da parte di clienti soddisfatti. Alcuni di loro credono addirittura che funzioni meglio di altre alternative sul mercato.<\/p>\n","protected":false},"excerpt":{"rendered":"<p>Feronex \u00e8 un integratore naturale in capsule che aiuta gli uomini a migliorare le prestazioni intime, affrontando problemi come bassa libido ed erezione instabile. Grazie alla sua formula a base di estratti naturali, offre maggiore piacere e sicurezza a letto.<\/p>\n","protected":false},"featured_media":28,"comment_status":"open","ping_status":"closed","template":"","meta":[],"product_cat":[17],"product_tag":[],"class_list":{"0":"post-64","1":"product","2":"type-product","3":"status-publish","4":"has-post-thumbnail","6":"product_cat-uncategorized","8":"first","9":"instock","10":"sale","11":"shipping-taxable","12":"purchasable","13":"product-type-simple"},"yoast_head":"<!-- This site is optimized with the Yoast SEO plugin v21.8 - https:\/\/yoast.com\/wordpress\/plugins\/seo\/ -->\n<title>Feronex acquista capsule per la potenza su Wereinto<\/title>\n<meta name=\"robots\" content=\"noindex, follow, max-snippet:-1, max-image-preview:large, max-video-preview:-1\" \/>\n<meta property=\"og:locale\" content=\"it_IT\" \/>\n<meta property=\"og:type\" content=\"article\" \/>\n<meta property=\"og:title\" content=\"Feronex acquista capsule per la potenza su Wereinto\" \/>\n<meta property=\"og:description\" content=\"Feronex \u00e8 un integratore naturale in capsule che aiuta gli uomini a migliorare le prestazioni intime, affrontando problemi come bassa libido ed erezione instabile. Grazie alla sua formula a base di estratti naturali, offre maggiore piacere e sicurezza a letto.\" \/>\n<meta property=\"og:url\" content=\"https:\/\/wereinto.it\/news\/product\/feronex\/\" \/>\n<meta property=\"og:site_name\" content=\"wereinto\" \/>\n<meta property=\"article:modified_time\" content=\"2024-10-30T11:33:16+00:00\" \/>\n<meta property=\"og:image\" content=\"http:\/\/wereinto.it\/news\/wp-content\/uploads\/2024\/01\/Feronex.jpg\" \/>\n\t<meta property=\"og:image:width\" content=\"317\" \/>\n\t<meta property=\"og:image:height\" content=\"339\" \/>\n\t<meta property=\"og:image:type\" content=\"image\/jpeg\" \/>\n<meta name=\"twitter:card\" content=\"summary_large_image\" \/>\n<meta name=\"twitter:label1\" content=\"Tempo di lettura stimato\" \/>\n\t<meta name=\"twitter:data1\" content=\"9 minuti\" \/>\n<script type=\"application\/ld+json\" class=\"yoast-schema-graph\">{\"@context\":\"https:\/\/schema.org\",\"@graph\":[{\"@type\":\"WebPage\",\"@id\":\"https:\/\/wereinto.it\/news\/product\/feronex\/\",\"url\":\"https:\/\/wereinto.it\/news\/product\/feronex\/\",\"name\":\"Feronex acquista capsule per la potenza su Wereinto\",\"isPartOf\":{\"@id\":\"https:\/\/wereinto.it\/news\/#website\"},\"datePublished\":\"2024-10-26T17:11:19+00:00\",\"dateModified\":\"2024-10-30T11:33:16+00:00\",\"breadcrumb\":{\"@id\":\"https:\/\/wereinto.it\/news\/product\/feronex\/#breadcrumb\"},\"inLanguage\":\"it-IT\",\"potentialAction\":[{\"@type\":\"ReadAction\",\"target\":[\"https:\/\/wereinto.it\/news\/product\/feronex\/\"]}]},{\"@type\":\"BreadcrumbList\",\"@id\":\"https:\/\/wereinto.it\/news\/product\/feronex\/#breadcrumb\",\"itemListElement\":[{\"@type\":\"ListItem\",\"position\":1,\"name\":\"Home\",\"item\":\"https:\/\/wereinto.it\/news\/\"},{\"@type\":\"ListItem\",\"position\":2,\"name\":\"Negozio\",\"item\":\"https:\/\/wereinto.it\/news\/\"},{\"@type\":\"ListItem\",\"position\":3,\"name\":\"Feronex\"}]},{\"@type\":\"WebSite\",\"@id\":\"https:\/\/wereinto.it\/news\/#website\",\"url\":\"https:\/\/wereinto.it\/news\/\",\"name\":\"wereinto\",\"description\":\"news\",\"potentialAction\":[{\"@type\":\"SearchAction\",\"target\":{\"@type\":\"EntryPoint\",\"urlTemplate\":\"https:\/\/wereinto.it\/news\/?s={search_term_string}\"},\"query-input\":\"required name=search_term_string\"}],\"inLanguage\":\"it-IT\"}]}<\/script>\n<!-- \/ Yoast SEO plugin. -->","yoast_head_json":{"title":"Feronex acquista capsule per la potenza su Wereinto","robots":{"index":"noindex","follow":"follow","max-snippet":"max-snippet:-1","max-image-preview":"max-image-preview:large","max-video-preview":"max-video-preview:-1"},"og_locale":"it_IT","og_type":"article","og_title":"Feronex acquista capsule per la potenza su Wereinto","og_description":"Feronex \u00e8 un integratore naturale in capsule che aiuta gli uomini a migliorare le prestazioni intime, affrontando problemi come bassa libido ed erezione instabile. Grazie alla sua formula a base di estratti naturali, offre maggiore piacere e sicurezza a letto.","og_url":"https:\/\/wereinto.it\/news\/product\/feronex\/","og_site_name":"wereinto","article_modified_time":"2024-10-30T11:33:16+00:00","og_image":[{"width":317,"height":339,"url":"http:\/\/wereinto.it\/news\/wp-content\/uploads\/2024\/01\/Feronex.jpg","type":"image\/jpeg"}],"twitter_card":"summary_large_image","twitter_misc":{"Tempo di lettura stimato":"9 minuti"},"schema":{"@context":"https:\/\/schema.org","@graph":[{"@type":"WebPage","@id":"https:\/\/wereinto.it\/news\/product\/feronex\/","url":"https:\/\/wereinto.it\/news\/product\/feronex\/","name":"Feronex acquista capsule per la potenza su Wereinto","isPartOf":{"@id":"https:\/\/wereinto.it\/news\/#website"},"datePublished":"2024-10-26T17:11:19+00:00","dateModified":"2024-10-30T11:33:16+00:00","breadcrumb":{"@id":"https:\/\/wereinto.it\/news\/product\/feronex\/#breadcrumb"},"inLanguage":"it-IT","potentialAction":[{"@type":"ReadAction","target":["https:\/\/wereinto.it\/news\/product\/feronex\/"]}]},{"@type":"BreadcrumbList","@id":"https:\/\/wereinto.it\/news\/product\/feronex\/#breadcrumb","itemListElement":[{"@type":"ListItem","position":1,"name":"Home","item":"https:\/\/wereinto.it\/news\/"},{"@type":"ListItem","position":2,"name":"Negozio","item":"https:\/\/wereinto.it\/news\/"},{"@type":"ListItem","position":3,"name":"Feronex"}]},{"@type":"WebSite","@id":"https:\/\/wereinto.it\/news\/#website","url":"https:\/\/wereinto.it\/news\/","name":"wereinto","description":"news","potentialAction":[{"@type":"SearchAction","target":{"@type":"EntryPoint","urlTemplate":"https:\/\/wereinto.it\/news\/?s={search_term_string}"},"query-input":"required name=search_term_string"}],"inLanguage":"it-IT"}]}},"_links":{"self":[{"href":"https:\/\/wereinto.it\/news\/wp-json\/wp\/v2\/product\/64"}],"collection":[{"href":"https:\/\/wereinto.it\/news\/wp-json\/wp\/v2\/product"}],"about":[{"href":"https:\/\/wereinto.it\/news\/wp-json\/wp\/v2\/types\/product"}],"replies":[{"embeddable":true,"href":"https:\/\/wereinto.it\/news\/wp-json\/wp\/v2\/comments?post=64"}],"wp:featuredmedia":[{"embeddable":true,"href":"https:\/\/wereinto.it\/news\/wp-json\/wp\/v2\/media\/28"}],"wp:attachment":[{"href":"https:\/\/wereinto.it\/news\/wp-json\/wp\/v2\/media?parent=64"}],"wp:term":[{"taxonomy":"product_cat","embeddable":true,"href":"https:\/\/wereinto.it\/news\/wp-json\/wp\/v2\/product_cat?post=64"},{"taxonomy":"product_tag","embeddable":true,"href":"https:\/\/wereinto.it\/news\/wp-json\/wp\/v2\/product_tag?post=64"}],"curies":[{"name":"wp","href":"https:\/\/api.w.org\/{rel}","templated":true}]}}