{"id":65,"date":"2024-10-26T19:12:16","date_gmt":"2024-10-26T17:12:16","guid":{"rendered":"https:\/\/wereinto.it\/news\/?post_type=product&#038;p=65"},"modified":"2024-10-30T12:33:06","modified_gmt":"2024-10-30T11:33:06","slug":"eremax","status":"publish","type":"product","link":"https:\/\/wereinto.it\/news\/product\/eremax\/","title":{"rendered":"Eremax"},"content":{"rendered":"<table>\n<tbody>\n<tr>\n<td>Sito web<\/td>\n<td>Eremax.it<\/td>\n<\/tr>\n<tr>\n<td>Azione<\/td>\n<td>\u2714 Migliora il flusso sanguigno nella zona del pene;<br \/>\n\u2714 Promuove erezioni pi\u00f9 lunghe e pi\u00f9 forti;<br \/>\n\u2714 Aiuta a migliorare la libido maschile.<\/td>\n<\/tr>\n<tr>\n<td>Componenti<\/td>\n<td>\u2714 Estratti medicinali;<br \/>\n\u2714 Arginina;<br \/>\n\u2714 Vitamina B6;<br \/>\n\u2714 Vitamina D3.<\/td>\n<\/tr>\n<tr>\n<td>Istruzioni per l&#8217;uso<\/td>\n<td>\u2714 Assumere tante capsule al giorno come indicato nelle istruzioni per l&#8217;uso;<br \/>\n\u2714 Assumere il complesso con acqua;<br \/>\n\u2714 Continuare il corso per circa 1 mese.<\/td>\n<\/tr>\n<tr>\n<td>Volume<\/td>\n<td>30 capsule<\/td>\n<\/tr>\n<tr>\n<td>Prezzo<\/td>\n<td>\ud83d\uded1 49 \u20ac<\/td>\n<\/tr>\n<tr>\n<td>Consegna<\/td>\n<td>Una settimana<\/td>\n<\/tr>\n<\/tbody>\n<\/table>\n<h2><b>Capsule Eremax per potenza: ti daranno le sensazioni pi\u00f9 succose che non avresti mai immaginato!<\/b><\/h2>\n<p><img loading=\"lazy\" decoding=\"async\" class=\"aligncenter size-full wp-image-36\" src=\"http:\/\/wereinto.it\/news\/wp-content\/uploads\/2024\/01\/Eremax-2.jpg\" alt=\"Eremax prezzo\" width=\"500\" height=\"378\" srcset=\"https:\/\/wereinto.it\/news\/wp-content\/uploads\/2024\/01\/Eremax-2.jpg 500w, https:\/\/wereinto.it\/news\/wp-content\/uploads\/2024\/01\/Eremax-2-300x227.jpg 300w\" sizes=\"(max-width: 500px) 100vw, 500px\" \/><\/p>\n<p>Eremax \u00e8 un integratore erotico completamente nuovo per la libido maschile e la potenza sessuale. Ora puoi leggere questa breve panoramica per trovare informazioni sui seguenti argomenti: Cos&#8217;\u00e8 Eremax e come funziona? Cosa dicono i clienti nei loro commenti e recensioni sui portali intimi? Come usare le capsule: istruzioni e dose giornaliera? Quanto costa Eremax e dove posso acquistarlo?<\/p>\n<p>A cosa serve Eremax \u00e8 un nuovo integratore alimentare per una forte libido e dimensioni ottimali del pene. Il produttore del complesso ritiene che sia adatto a uomini di tutte le et\u00e0 che desiderano migliorare le proprie prestazioni intime. Inoltre, l\u2019esposizione a Eremax influisce direttamente sulle dimensioni del pene, aumentandolo. Tutti questi effetti sono presenti grazie alla composizione avanzata e brevettata dell&#8217;integratore alimentare. \u00c8 completamente biologico e contiene una serie di importanti minerali e vitamine. Ci\u00f2 significa che i clienti possono utilizzare regolarmente il complesso e non incontrare problemi causati da guasti improvvisi.<\/p>\n<p>Molte recensioni e opinioni dei clienti su Eremax. Basta leggere i punti seguenti per ottenere maggiori informazioni e il prezzo di una soluzione completa per la forza e le prestazioni sessuali maschili.<\/p>\n<h2><b>Arginina per la fiducia sessuale<\/b><\/h2>\n<p>L&#8217;arginina \u00e8 uno degli aminoacidi pi\u00f9 essenziali e svolge un ruolo fondamentale in vari processi fisiologici che contribuiscono alla salute generale. Serve come precursore dell&#8217;ossido nitrico, una molecola che aiuta a rilassare i vasi sanguigni e migliorare il flusso sanguigno. Questo effetto vasodilatatore \u00e8 alla base dei benefici per la salute dell\u2019arginina. Promuove la salute cardiovascolare favorendo la pressione sanguigna e la circolazione sane, riducendo cos\u00ec il rischio di problemi cardiaci. Inoltre, l&#8217;arginina favorisce la guarigione delle ferite e la funzione immunitaria. Potenzialmente benefico per la potenza sessuale maschile grazie alla sua capacit\u00e0 di migliorare il flusso sanguigno, che pu\u00f2 avere un effetto positivo sulla funzione erettile e sulla libido. Sebbene siano in corso molte ricerche, \u00e8 chiaro che l\u2019arginina pu\u00f2 avere un ruolo potenziale nell\u2019affrontare alcuni aspetti della salute sessuale.<\/p>\n<p>I benefici dell\u2019arginina per la potenza sessuale maschile sono i seguenti:<\/p>\n<ol>\n<li aria-level=\"1\">Migliora il flusso sanguigno nella zona del pene;<\/li>\n<li aria-level=\"1\">Promuove erezioni pi\u00f9 lunghe e pi\u00f9 forti;<\/li>\n<li aria-level=\"1\">Aiuta a migliorare la libido maschile.<\/li>\n<\/ol>\n<h2><b>Che tipo di droga \u00e8 Eremax?<\/b><\/h2>\n<p><img loading=\"lazy\" decoding=\"async\" class=\"aligncenter size-full wp-image-35\" src=\"http:\/\/wereinto.it\/news\/wp-content\/uploads\/2024\/01\/Eremax-1.jpg\" alt=\"Eremax in farmacia prezzo\" width=\"500\" height=\"349\" srcset=\"https:\/\/wereinto.it\/news\/wp-content\/uploads\/2024\/01\/Eremax-1.jpg 500w, https:\/\/wereinto.it\/news\/wp-content\/uploads\/2024\/01\/Eremax-1-300x209.jpg 300w\" sizes=\"(max-width: 500px) 100vw, 500px\" \/><\/p>\n<p>Eremax \u00e8 un metodo naturale per migliorare la libido maschile e le dimensioni del pene. Le propriet\u00e0 speciali dell&#8217;integratore gli permettono di espandere i corpi cavernosi del pene fino alla sua dimensione geneticamente massima. \u00c8 di buona qualit\u00e0 grazie a Eremax ti dimenticherai di tutti i problemi che ti disturbano a causa dei problemi di erezione. Inoltre non soffrirai di eiaculazione precoce. Assicurati solo di assumere le capsule regolarmente. Per questo motivo l\u2019intera composizione di Eremax risultati reali \u00e8 organica e non \u00e8 associata ad alcun effetto collaterale. Sulla base di tutto ci\u00f2, l&#8217;integratore alimentare erotico per uomini \u00e8 attualmente nominato per il titolo di miglior nuovo bioagente di potenziamento della libido dell&#8217;anno.<\/p>\n<h2><b>Punti di forza e di debolezza delle capsule di potenza Eremax<\/b><\/h2>\n<p>Eremax Molti vantaggi e benefici sono confermati dai clienti nelle loro recensioni e commenti generali.<\/p>\n<h3>Vantaggi<\/h3>\n<ol>\n<li aria-level=\"1\">Migliora la potenza maschile, la libido e la resistenza;<\/li>\n<li aria-level=\"1\">Aumenta la dimensione massima del pene;<\/li>\n<li aria-level=\"1\">Aiuta a provare pi\u00f9 piacere reciproco a letto;<\/li>\n<li aria-level=\"1\">Ha una composizione completamente naturale e non ha effetti collaterali.<\/li>\n<\/ol>\n<h3>Screpolatura<\/h3>\n<ul>\n<li aria-level=\"1\">Eremax non \u00e8 venduto nelle farmacie e in altri negozi.<\/li>\n<\/ul>\n<h2><b>Come si applica le capsule Eremax &#8211; istruzioni per l&#8217;uso<\/b><\/h2>\n<p><img loading=\"lazy\" decoding=\"async\" class=\"aligncenter size-full wp-image-37\" src=\"http:\/\/wereinto.it\/news\/wp-content\/uploads\/2024\/01\/Eremax-3.jpg\" alt=\"Eremax dove comprare\" width=\"500\" height=\"341\" srcset=\"https:\/\/wereinto.it\/news\/wp-content\/uploads\/2024\/01\/Eremax-3.jpg 500w, https:\/\/wereinto.it\/news\/wp-content\/uploads\/2024\/01\/Eremax-3-300x205.jpg 300w\" sizes=\"(max-width: 500px) 100vw, 500px\" \/><\/p>\n<p>I clienti che desiderano sapere esattamente come usare il Eremax dovrebbero leggere le istruzioni per l&#8217;uso. La confezione include istruzioni operative dettagliate e istruzioni per l&#8217;uso. Affermano che il consumo delle capsule dovrebbe essere integrato con molti liquidi e una dieta ricca di proteine \u200b\u200bvegetali, minerali e vitamine. Non dovresti assumere pi\u00f9 della dose giornaliera abituale di m al giorno.<\/p>\n<p>Le istruzioni per l&#8217;uso sono le seguenti:<\/p>\n<ol>\n<li aria-level=\"1\">Assumere tante capsule al giorno come indicato nelle istruzioni per l&#8217;uso;<\/li>\n<li aria-level=\"1\">Prendi il complesso con acqua;<\/li>\n<li aria-level=\"1\">Continuare il corso per circa 1 mese.<\/li>\n<\/ol>\n<h2><b>Ci sono controindicazioni per Eremax?<\/b><\/h2>\n<p>Dalle informazioni attualmente disponibili possiamo tranquillamente concludere che non ci sono reclami relativi a Eremax possibili effetti collaterali o controindicazioni. La formula leggera favorisce la disintossicazione attiva della prostata e del sistema riproduttivo. Inoltre aumenta l\u2019energia e aumenta naturalmente la libido.<\/p>\n<h2><b>Ingredienti del farmaco Eremax<\/b><\/h2>\n<p><img loading=\"lazy\" decoding=\"async\" class=\"aligncenter size-full wp-image-38\" src=\"http:\/\/wereinto.it\/news\/wp-content\/uploads\/2024\/01\/Eremax-4.jpg\" alt=\"Eremax dove lo posso prendere\" width=\"500\" height=\"333\" srcset=\"https:\/\/wereinto.it\/news\/wp-content\/uploads\/2024\/01\/Eremax-4.jpg 500w, https:\/\/wereinto.it\/news\/wp-content\/uploads\/2024\/01\/Eremax-4-300x200.jpg 300w\" sizes=\"(max-width: 500px) 100vw, 500px\" \/><\/p>\n<p>Eremax altroconsumo contiene solo estratti naturali. I suoi ingredienti principali derivano da varie erbe. Rafforzano con successo la funzione delle vie urinarie e normalizzano la funzione della prostata. Inoltre, le capsule si occupano di mantenere una buona e forte libido, aumentando la resistenza e le prestazioni a letto.<\/p>\n<p>Alcuni degli ingredienti chiave Eremax:<\/p>\n<ul>\n<li aria-level=\"1\"><b>Estratti medicinali;<\/b><\/li>\n<\/ul>\n<ul>\n<li aria-level=\"1\"><b>Arginina;<\/b><\/li>\n<\/ul>\n<ul>\n<li aria-level=\"1\"><b>Vitamina B6;<\/b><\/li>\n<\/ul>\n<ul>\n<li aria-level=\"1\"><b>Vitamina D3.<\/b><\/li>\n<\/ul>\n<p>Eremax \u00e8 gi\u00e0 in vendita. Funziona realmente Eremax ha guadagnato un&#8217;ottima reputazione zione tra i clienti, come evidenziato dalle loro recensioni e commenti sul forum. La composizione delle capsule \u00e8 organica, quindi l&#8217;assunzione non provoca effetti collaterali. Questo complesso \u00e8 migliore di altre offerte simili.<\/p>\n<h2><b>Opinioni del rimedio miracoloso per la potenza Eremax da parte dei clienti<\/b><\/h2>\n<p>Cosa dicono i clienti di Eremax nelle recensioni personali? Siamo lieti di segnalare che i clienti tendono a lasciare recensioni positive e commenti Eremax su forum e siti Web intimi. La maggior parte dei clienti valuta positivamente l&#8217;efficacia del prodotto. Non troverete alcuna lamentela sulla composizione e sulle propriet\u00e0 delle capsule per l\u2019ingrandimento del pene. Anche alcuni sessuologi consigliano Eremax con recensioni su Facebook o Instagram. Il motivo \u00e8 la formula completamente vegetale dell&#8217;integratore. Per riassumere, i clienti confermano nei loro commenti e recensioni che Eremax dove lo posso prendere funziona e non ha effetti collaterali.<\/p>\n<blockquote><p><b>Jareth<\/b><\/p>\n<p>Ho iniziato a prendere Eremax 2 settimane fa. Posso dire che il complesso mi ha aiutato a ripristinare il normale contatto intimo con mia moglie. La mia prostata ha iniziato a farmi molto male quando sono andata in bagno. Ho contattato un urologo e mi ha consigliato di utilizzare queste capsule. Hanno anche aumentato le dimensioni del mio pene, il che \u00e8 incredibile. Lo considero un bel bonus.<\/p><\/blockquote>\n<blockquote><p><b>Giosu\u00e8<\/b><\/p>\n<p>Non ho bisogno di spiegare quanto possa essere dannosa la disfunzione erettile. Ha distrutto la mia autostima e ha anche causato depressione. Spero di aver letto di questa soluzione e di aver ordinato 2 confezioni dal suo sito web. Sono felice di averlo fatto: ora \u00e8 tutto perfetto.<\/p><\/blockquote>\n<blockquote><p><b>Kimberley<\/b><\/p>\n<p>Il mio ragazzo non riusciva a resistere pi\u00f9 di 3-4 minuti a letto. Tuttavia, una volta che gli ho chiesto di provare Eremax, in farmacia prezzo tutto \u00e8 cambiato in meglio. Ora possiamo trascorrere diverse ore a letto ed entrambi sentirci soddisfatti e felici.<\/p><\/blockquote>\n<h2><b>Dove vendono il prodotto originale Eremax e qual \u00e8 il prezzo?<\/b><\/h2>\n<p><img loading=\"lazy\" decoding=\"async\" class=\"aligncenter size-full wp-image-39\" src=\"http:\/\/wereinto.it\/news\/wp-content\/uploads\/2024\/01\/Eremax-5.jpg\" alt=\"Eremax Funziona realmente\" width=\"500\" height=\"382\" srcset=\"https:\/\/wereinto.it\/news\/wp-content\/uploads\/2024\/01\/Eremax-5.jpg 500w, https:\/\/wereinto.it\/news\/wp-content\/uploads\/2024\/01\/Eremax-5-300x229.jpg 300w\" sizes=\"(max-width: 500px) 100vw, 500px\" \/><\/p>\n<p>Il produttore ritiene che K. Gli acquirenti non dovrebbero preoccuparsi di dove acquistare Eremax a un prezzo accessibile. L&#8217;azienda distribuisce il prodotto solo sul sito ufficiale. La pagina della licenza ha il miglior prezzo farmacia simile Eremax, oltre a sconti costanti. Sia i clienti nuovi che quelli esistenti possono trarne vantaggio.<\/p>\n<p>Visita subito il sito ufficiale per usufruire di uno sconto esclusivo del -50%. Devi solo inserire i tuoi dati in un breve modulo e confermare telefonicamente il tuo desiderio di acquistare le capsule. Il pacco verr\u00e0 consegnato all&#8217;indirizzo specificato entro pochi giorni. Non aspettare oltre, acquista oggi dove comprare Eremax a buon prezzo.<\/p>\n<h2><b>Cerca Eremax in una farmacia<\/b><\/h2>\n<p>Non \u00e8 possibile acquistare walmart Eremax in farmacia. Il produttore lo distribuisce solo attraverso il sito ufficiale in modo che il prezzo sia normale. I clienti possono ordinarlo da l\u00ec. Non dovrebbero lasciarsi ingannare da tante Eremax false imitazioni e truffe. Alcuni di essi sono disponibili anche in farmacia. Questo non \u00e8 un prodotto originale quindi non fidarti di loro.<\/p>\n","protected":false},"excerpt":{"rendered":"<p>Eremax \u00e8 un integratore alimentare naturale pensato per aumentare la libido maschile e migliorare le prestazioni intime, influenzando anche le dimensioni del pene. Grazie alla sua formula brevettata, ricca di minerali e vitamine, \u00e8 adatto a uomini di tutte le et\u00e0 per un utilizzo regolare e sicuro.<\/p>\n","protected":false},"featured_media":34,"comment_status":"open","ping_status":"closed","template":"","meta":[],"product_cat":[17],"product_tag":[],"class_list":{"0":"post-65","1":"product","2":"type-product","3":"status-publish","4":"has-post-thumbnail","6":"product_cat-uncategorized","8":"first","9":"instock","10":"sale","11":"shipping-taxable","12":"purchasable","13":"product-type-simple"},"yoast_head":"<!-- This site is optimized with the Yoast SEO plugin v21.8 - https:\/\/yoast.com\/wordpress\/plugins\/seo\/ -->\n<title>Eremax acquista capsule per la potenza su Wereinto<\/title>\n<meta name=\"robots\" content=\"noindex, follow, max-snippet:-1, max-image-preview:large, max-video-preview:-1\" \/>\n<meta property=\"og:locale\" content=\"it_IT\" \/>\n<meta property=\"og:type\" content=\"article\" \/>\n<meta property=\"og:title\" content=\"Eremax acquista capsule per la potenza su Wereinto\" \/>\n<meta property=\"og:description\" content=\"Eremax \u00e8 un integratore alimentare naturale pensato per aumentare la libido maschile e migliorare le prestazioni intime, influenzando anche le dimensioni del pene. Grazie alla sua formula brevettata, ricca di minerali e vitamine, \u00e8 adatto a uomini di tutte le et\u00e0 per un utilizzo regolare e sicuro.\" \/>\n<meta property=\"og:url\" content=\"https:\/\/wereinto.it\/news\/product\/eremax\/\" \/>\n<meta property=\"og:site_name\" content=\"wereinto\" \/>\n<meta property=\"article:modified_time\" content=\"2024-10-30T11:33:06+00:00\" \/>\n<meta property=\"og:image\" content=\"http:\/\/wereinto.it\/news\/wp-content\/uploads\/2024\/01\/Eremax.jpg\" \/>\n\t<meta property=\"og:image:width\" content=\"336\" \/>\n\t<meta property=\"og:image:height\" content=\"303\" \/>\n\t<meta property=\"og:image:type\" content=\"image\/jpeg\" \/>\n<meta name=\"twitter:card\" content=\"summary_large_image\" \/>\n<meta name=\"twitter:label1\" content=\"Tempo di lettura stimato\" \/>\n\t<meta name=\"twitter:data1\" content=\"8 minuti\" \/>\n<script type=\"application\/ld+json\" class=\"yoast-schema-graph\">{\"@context\":\"https:\/\/schema.org\",\"@graph\":[{\"@type\":\"WebPage\",\"@id\":\"https:\/\/wereinto.it\/news\/product\/eremax\/\",\"url\":\"https:\/\/wereinto.it\/news\/product\/eremax\/\",\"name\":\"Eremax acquista capsule per la potenza su Wereinto\",\"isPartOf\":{\"@id\":\"https:\/\/wereinto.it\/news\/#website\"},\"datePublished\":\"2024-10-26T17:12:16+00:00\",\"dateModified\":\"2024-10-30T11:33:06+00:00\",\"breadcrumb\":{\"@id\":\"https:\/\/wereinto.it\/news\/product\/eremax\/#breadcrumb\"},\"inLanguage\":\"it-IT\",\"potentialAction\":[{\"@type\":\"ReadAction\",\"target\":[\"https:\/\/wereinto.it\/news\/product\/eremax\/\"]}]},{\"@type\":\"BreadcrumbList\",\"@id\":\"https:\/\/wereinto.it\/news\/product\/eremax\/#breadcrumb\",\"itemListElement\":[{\"@type\":\"ListItem\",\"position\":1,\"name\":\"Home\",\"item\":\"https:\/\/wereinto.it\/news\/\"},{\"@type\":\"ListItem\",\"position\":2,\"name\":\"Negozio\",\"item\":\"https:\/\/wereinto.it\/news\/\"},{\"@type\":\"ListItem\",\"position\":3,\"name\":\"Eremax\"}]},{\"@type\":\"WebSite\",\"@id\":\"https:\/\/wereinto.it\/news\/#website\",\"url\":\"https:\/\/wereinto.it\/news\/\",\"name\":\"wereinto\",\"description\":\"news\",\"potentialAction\":[{\"@type\":\"SearchAction\",\"target\":{\"@type\":\"EntryPoint\",\"urlTemplate\":\"https:\/\/wereinto.it\/news\/?s={search_term_string}\"},\"query-input\":\"required name=search_term_string\"}],\"inLanguage\":\"it-IT\"}]}<\/script>\n<!-- \/ Yoast SEO plugin. -->","yoast_head_json":{"title":"Eremax acquista capsule per la potenza su Wereinto","robots":{"index":"noindex","follow":"follow","max-snippet":"max-snippet:-1","max-image-preview":"max-image-preview:large","max-video-preview":"max-video-preview:-1"},"og_locale":"it_IT","og_type":"article","og_title":"Eremax acquista capsule per la potenza su Wereinto","og_description":"Eremax \u00e8 un integratore alimentare naturale pensato per aumentare la libido maschile e migliorare le prestazioni intime, influenzando anche le dimensioni del pene. Grazie alla sua formula brevettata, ricca di minerali e vitamine, \u00e8 adatto a uomini di tutte le et\u00e0 per un utilizzo regolare e sicuro.","og_url":"https:\/\/wereinto.it\/news\/product\/eremax\/","og_site_name":"wereinto","article_modified_time":"2024-10-30T11:33:06+00:00","og_image":[{"width":336,"height":303,"url":"http:\/\/wereinto.it\/news\/wp-content\/uploads\/2024\/01\/Eremax.jpg","type":"image\/jpeg"}],"twitter_card":"summary_large_image","twitter_misc":{"Tempo di lettura stimato":"8 minuti"},"schema":{"@context":"https:\/\/schema.org","@graph":[{"@type":"WebPage","@id":"https:\/\/wereinto.it\/news\/product\/eremax\/","url":"https:\/\/wereinto.it\/news\/product\/eremax\/","name":"Eremax acquista capsule per la potenza su Wereinto","isPartOf":{"@id":"https:\/\/wereinto.it\/news\/#website"},"datePublished":"2024-10-26T17:12:16+00:00","dateModified":"2024-10-30T11:33:06+00:00","breadcrumb":{"@id":"https:\/\/wereinto.it\/news\/product\/eremax\/#breadcrumb"},"inLanguage":"it-IT","potentialAction":[{"@type":"ReadAction","target":["https:\/\/wereinto.it\/news\/product\/eremax\/"]}]},{"@type":"BreadcrumbList","@id":"https:\/\/wereinto.it\/news\/product\/eremax\/#breadcrumb","itemListElement":[{"@type":"ListItem","position":1,"name":"Home","item":"https:\/\/wereinto.it\/news\/"},{"@type":"ListItem","position":2,"name":"Negozio","item":"https:\/\/wereinto.it\/news\/"},{"@type":"ListItem","position":3,"name":"Eremax"}]},{"@type":"WebSite","@id":"https:\/\/wereinto.it\/news\/#website","url":"https:\/\/wereinto.it\/news\/","name":"wereinto","description":"news","potentialAction":[{"@type":"SearchAction","target":{"@type":"EntryPoint","urlTemplate":"https:\/\/wereinto.it\/news\/?s={search_term_string}"},"query-input":"required name=search_term_string"}],"inLanguage":"it-IT"}]}},"_links":{"self":[{"href":"https:\/\/wereinto.it\/news\/wp-json\/wp\/v2\/product\/65"}],"collection":[{"href":"https:\/\/wereinto.it\/news\/wp-json\/wp\/v2\/product"}],"about":[{"href":"https:\/\/wereinto.it\/news\/wp-json\/wp\/v2\/types\/product"}],"replies":[{"embeddable":true,"href":"https:\/\/wereinto.it\/news\/wp-json\/wp\/v2\/comments?post=65"}],"wp:featuredmedia":[{"embeddable":true,"href":"https:\/\/wereinto.it\/news\/wp-json\/wp\/v2\/media\/34"}],"wp:attachment":[{"href":"https:\/\/wereinto.it\/news\/wp-json\/wp\/v2\/media?parent=65"}],"wp:term":[{"taxonomy":"product_cat","embeddable":true,"href":"https:\/\/wereinto.it\/news\/wp-json\/wp\/v2\/product_cat?post=65"},{"taxonomy":"product_tag","embeddable":true,"href":"https:\/\/wereinto.it\/news\/wp-json\/wp\/v2\/product_tag?post=65"}],"curies":[{"name":"wp","href":"https:\/\/api.w.org\/{rel}","templated":true}]}}