{"id":66,"date":"2024-10-26T19:13:40","date_gmt":"2024-10-26T17:13:40","guid":{"rendered":"https:\/\/wereinto.it\/news\/?post_type=product&#038;p=66"},"modified":"2024-10-30T12:32:56","modified_gmt":"2024-10-30T11:32:56","slug":"cardioxil","status":"publish","type":"product","link":"https:\/\/wereinto.it\/news\/product\/cardioxil\/","title":{"rendered":"Cardioxil"},"content":{"rendered":"<table>\n<tbody>\n<tr>\n<td>Sito web<\/td>\n<td>Cardioxil.it<\/td>\n<\/tr>\n<tr>\n<td>Azione<\/td>\n<td>\u2714 Ripristina l&#8217;elasticit\u00e0 dei vasi sanguigni;<br \/>\n\u2714 Pulisce e rinforza le pareti dei vasi sanguigni;<br \/>\n\u2714 Riduce le placche di colesterolo;<br \/>\n\u2714 Riduce i livelli di zucchero nel sangue.<\/td>\n<\/tr>\n<tr>\n<td>Componenti<\/td>\n<td>La composizione \u00e8 completamente naturale. Grazie a ci\u00f2, questo integratore ha un effetto positivo sul lavoro del cuore. Le capsule agiscono anche sull&#8217;agente eziologico della malattia, permettendogli di rafforzare i vasi sanguigni e aumentarne l&#8217;elasticit\u00e0.<\/td>\n<\/tr>\n<tr>\n<td>Istruzioni per l&#8217;uso<\/td>\n<td>\u2714 Prendi le capsule come indicato nelle istruzioni;<br \/>\n\u2714 Bevi il rimedio con acqua;<br \/>\n\u2714 Segui il corso per 30-60 giorni.<\/td>\n<\/tr>\n<tr>\n<td>Volume<\/td>\n<td>30 capsule<\/td>\n<\/tr>\n<tr>\n<td>Prezzo<\/td>\n<td>\ud83d\uded1 49 \u20ac<\/td>\n<\/tr>\n<tr>\n<td>Consegna<\/td>\n<td>2 giorni<\/td>\n<\/tr>\n<\/tbody>\n<\/table>\n<h2><b>Capsule Cardioxil &#8211; un&#8217;alternativa a tutte le compresse conosciute per la pressione alta!<\/b><\/h2>\n<p><img loading=\"lazy\" decoding=\"async\" class=\"aligncenter size-full wp-image-44\" src=\"http:\/\/wereinto.it\/news\/wp-content\/uploads\/2024\/01\/Cardioxil-9.jpg\" alt=\"Cardioxil risultati reali\" width=\"500\" height=\"362\" srcset=\"https:\/\/wereinto.it\/news\/wp-content\/uploads\/2024\/01\/Cardioxil-9.jpg 500w, https:\/\/wereinto.it\/news\/wp-content\/uploads\/2024\/01\/Cardioxil-9-300x217.jpg 300w\" sizes=\"(max-width: 500px) 100vw, 500px\" \/><\/p>\n<p>A cosa serve Cardioxil &#8211; integratore per un cuore sano e una pressione sanguigna normale. Lo strumento \u00e8 gi\u00e0 disponibile. Ora dovresti leggere il nostro articolo dettagliato per scoprire tutto: cos&#8217;\u00e8 e come funziona? Ci sono molte recensioni e commenti dei clienti? Come usare le capsule? Quanto costa e dove posso acquistarlo?<\/p>\n<p>Cardioxil \u00e8 un rimedio completo e di alta qualit\u00e0 contro l&#8217;ipertensione. Le capsule sono offerte dall&#8217;azienda e sono progettate per pulire i vasi sanguigni, migliorando significativamente il funzionamento del sistema circolatorio. Questo medicinale \u00e8 adatto anche a persone con vari problemi cardiovascolari. Una caratteristica speciale dell&#8217;integratore alimentare \u00e8 la sua composizione. La formula \u00e8 brevettata e completamente biologica. Pertanto i clienti possono seguire il corso del trattamento per un lungo periodo senza il rischio di effetti collaterali improvvisi o altri disturbi di salute.<\/p>\n<p>Si \u00e8 visto che molte persone condividono recensioni e commenti su Cardioxil sui forum in cui si discute di argomenti relativi alla salute. Tutte le informazioni su questo problema possono essere trovate nel testo seguente. Forniremo inoltre informazioni aggiornate sui prezzi per la nuova soluzione per la pressione sanguigna allo stato stazionario.<\/p>\n<h2><b>Cos\u2019\u00e8 la Rhodiola rosea: favorisce la salute del cuore?<\/b><\/h2>\n<p>La Rhodiola rosea \u00e8 una pianta rara comunemente conosciuta come radice d&#8217;oro o radice artica. La pianta ha mostrato benefici promettenti per l\u2019ipertensione e la salute del cuore. Questa pianta adattogena si trova comunemente nelle regioni montuose dell&#8217;Europa e dell&#8217;Asia. Secondo diversi studi, la rodiola \u00e8 utilizzata da secoli nella medicina tradizionale per i suoi incredibili benefici per la salute. L&#8217;erba offre molti benefici importanti che colpiscono direttamente condizioni come l&#8217;ipertensione. Sebbene la Rhodiola rosea sia promettente nel trattamento dell\u2019ipertensione, \u00e8 importante notare che le risposte individuali possono variare e sono necessarie ulteriori ricerche.<\/p>\n<p>I principali benefici della Rhodiola per mantenere una vita senza sintomi di ipertensione sono:<\/p>\n<ol>\n<li aria-level=\"1\">Regolazione della pressione sanguigna;<\/li>\n<li aria-level=\"1\">Attivit\u00e0 di riduzione dello stress;<\/li>\n<li aria-level=\"1\">L&#8217;azione degli antiossidanti che combattono lo stress ossidativo;<\/li>\n<li aria-level=\"1\">Migliora la funzione cardiaca.<\/li>\n<\/ol>\n<h2><b>Che tipo di farmaco Cardioxil viene utilizzato per normalizzare la pressione sanguigna?<\/b><\/h2>\n<p><img loading=\"lazy\" decoding=\"async\" class=\"aligncenter size-full wp-image-43\" src=\"http:\/\/wereinto.it\/news\/wp-content\/uploads\/2024\/01\/Cardioxil-8.jpg\" alt=\"Cardioxil come usare il\" width=\"342\" height=\"512\" srcset=\"https:\/\/wereinto.it\/news\/wp-content\/uploads\/2024\/01\/Cardioxil-8.jpg 342w, https:\/\/wereinto.it\/news\/wp-content\/uploads\/2024\/01\/Cardioxil-8-200x300.jpg 200w\" sizes=\"(max-width: 342px) 100vw, 342px\" \/><\/p>\n<p>Cardioxil \u00e8 un nuovo prodotto a sostegno della salute del cuore. L&#8217;integratore alimentare \u00e8 prodotto dalla famosa azienda Herbal Doctor. Questi farmaci stabilizzano la pressione sanguigna ai valori fisiologici individuali. Ripristina anche la frequenza cardiaca, la composizione del sangue e la viscosit\u00e0. Tutto ci\u00f2 contribuisce all&#8217;ipertrofia del sistema cardiovascolare. Infine, le capsule proteggono il sistema cardiovascolare dai cambiamenti aterosclerotici nei vasi sanguigni, cos\u00ec come da altre complicazioni pericolose come infarti e ictus. La composizione del nuovo farmaco antipertensivo \u00e8 naturale. Ci\u00f2 significa che i clienti che scelgono di sottoporsi alla terapia possono utilizzare le capsule regolarmente senza riscontrare effetti collaterali o disturbi di salute. Dopotutto, Cardioxil \u00e8 attualmente nominato come l&#8217;integratore per la salute del cuore pi\u00f9 innovativo dell&#8217;anno.<\/p>\n<h2><b>Vantaggi e svantaggi del farmaco Cardioxil per l&#8217;ipertensione<\/b><\/h2>\n<p>Le persone parlano dei vantaggi di Cardioxil, risultati reali menzionandoli nelle loro recensioni e commenti.<\/p>\n<h3>Vantaggi<\/h3>\n<ol>\n<li aria-level=\"1\">Supporta il mantenimento di una pressione sanguigna equilibrata;<\/li>\n<li aria-level=\"1\">Ripristina l&#8217;elasticit\u00e0 dei vasi sanguigni;<\/li>\n<li aria-level=\"1\">Pulisce e rinforza le pareti dei vasi sanguigni;<\/li>\n<li aria-level=\"1\">Riduce le placche di colesterolo;<\/li>\n<li aria-level=\"1\">Riduce i livelli di zucchero nel sangue;<\/li>\n<li aria-level=\"1\">Ha una bioformula brevettata.<\/li>\n<\/ol>\n<h3>Screpolatura<\/h3>\n<ul>\n<li aria-level=\"1\">Questo prodotto non \u00e8 venduto in farmacia.<\/li>\n<\/ul>\n<h2><b>Istruzioni per l&#8217;uso delle capsule Cardioxil i come si applica<\/b><\/h2>\n<p><img loading=\"lazy\" decoding=\"async\" class=\"aligncenter size-full wp-image-41\" src=\"http:\/\/wereinto.it\/news\/wp-content\/uploads\/2024\/01\/Cardioxil-6.jpg\" alt=\"Cardioxil come si applica\" width=\"500\" height=\"361\" srcset=\"https:\/\/wereinto.it\/news\/wp-content\/uploads\/2024\/01\/Cardioxil-6.jpg 500w, https:\/\/wereinto.it\/news\/wp-content\/uploads\/2024\/01\/Cardioxil-6-300x217.jpg 300w\" sizes=\"(max-width: 500px) 100vw, 500px\" \/><\/p>\n<p>Leggere Cardioxil istruzioni per l&#8217;uso. Sono molto facili da seguire e ti garantiscono di ottenere l\u2019effetto ottimale dal farmaco. Un cardiologo che ritiene che questo sia uno dei migliori rimedi per l&#8217;ipertensione.<\/p>\n<p>Come usare il Cardioxil:<\/p>\n<ol>\n<li aria-level=\"1\">Prendi le capsule come raccomandato nelle istruzioni;<\/li>\n<li aria-level=\"1\">Assumere il prodotto con acqua;<\/li>\n<li aria-level=\"1\">Segui il corso per 30-60 giorni.<\/li>\n<\/ol>\n<h2><b>Ci sono controindicazioni all&#8217;uso delle capsule?<\/b><\/h2>\n<p>\u00c8 di buona qualit\u00e0 Cardioxil non \u00e8 associato a disturbi improvvisi, spiacevoli effetti collaterali e controindicazioni. Ad oggi non ci sono state lamentele da parte dei clienti che utilizzano regolarmente le capsule. Pertanto, \u00e8 possibile completare l&#8217;intero ciclo di terapia.<\/p>\n<h2><b>Quali componenti sono inclusi in Cardioxil?<\/b><\/h2>\n<p>Funziona realmente composizione Cardioxil completamente naturale. Grazie a ci\u00f2, questo integratore ha un effetto positivo sulla funzione cardiaca. Le capsule agiscono anche sull&#8217;agente eziologico della malattia, consentendo di rafforzare i vasi sanguigni e aumentarne l&#8217;elasticit\u00e0. Ci\u00f2 \u00e8 dovuto al fatto che il complesso contiene ingredienti naturali e ha un effetto estremamente positivo sul corpo, favorendo la rigenerazione cellulare. Per informazioni pi\u00f9 dettagliate su questo argomento, ti consigliamo di dare un&#8217;occhiata alla confezione dell&#8217;integratore alimentare.<\/p>\n<p>\u00c8 disponibile un nuovo integratore alimentare solido Cardioxil per il trattamento della pressione alta e dell&#8217;ipertensione. Il prodotto \u00e8 molto adatto a persone con ipertensione e diabete. Contiene solo ingredienti naturali e non causa alcun reclamo. Gli utenti lo notano nelle loro recensioni positive. Il farmaco ottiene risultati pi\u00f9 duraturi e stabili rispetto ad altri prodotti simili prodotti sul mercato.<\/p>\n<h2><b>Cosa dicono le persone di Cardioxil nelle loro recensioni e commenti?<\/b><\/h2>\n<p><img loading=\"lazy\" decoding=\"async\" class=\"aligncenter size-full wp-image-42\" src=\"http:\/\/wereinto.it\/news\/wp-content\/uploads\/2024\/01\/Cardioxil-7.jpg\" alt=\"Cardioxil \u00c8 di buona qualit\u00e0\" width=\"500\" height=\"336\" srcset=\"https:\/\/wereinto.it\/news\/wp-content\/uploads\/2024\/01\/Cardioxil-7.jpg 500w, https:\/\/wereinto.it\/news\/wp-content\/uploads\/2024\/01\/Cardioxil-7-300x202.jpg 300w\" sizes=\"(max-width: 500px) 100vw, 500px\" \/><\/p>\n<p>Siamo stati in grado di leggere centinaia di recensioni positive Cardioxil da parte degli utenti. Le persone preferiscono condividere le proprie recensioni su portali Web e siti Web pertinenti. Molti clienti soddisfatti notano che il bioagente non solo pulisce i vasi sanguigni, ma regola anche la pressione sanguigna e i livelli di zucchero nel sangue. Alcuni cardiologi raccomandano anche Cardioxil. \u00c8 chiaro che l\u2019integratore gode di ampio consenso tra i professionisti. Pertanto, gli acquirenti scrivono nelle loro recensioni che Cardioxil funziona e non presenta contraddizioni.<\/p>\n<h2><b>Opinioni dei clienti su Cardioxil<\/b><\/h2>\n<blockquote><p><b>Wilbert<\/b><\/p>\n<p>Ciao, sono attualmente nel bel mezzo della terapia Cardioxil in farmacia prezzo e non riesco a esprimere quanto mi sento bene in questi giorni. Il prodotto \u00e8 molto efficace senza causare disagio.<\/p><\/blockquote>\n<blockquote><p><b>Elisabetta<\/b><\/p>\n<p>Qualcuno pu\u00f2 dirmi di pi\u00f9 sugli ingredienti specifici dell&#8217;integratore Cardioxil dove lo posso prendere? Sono riuscito a trovare qualche informazione, ma vorrei verificarla con una fonte pi\u00f9 ufficiale.<\/p><\/blockquote>\n<blockquote><p><b>Erubey<\/b><\/p>\n<p>Ho appena terminato il mio ordine sul sito dove comprare Cardioxil. \u00c8 stato fantastico perch\u00e9 ho ottenuto uno sconto del 50% sul prezzo farmacia simile standard. Dovresti assolutamente comprarlo perch\u00e9 \u00e8 molto conveniente. Spero che questo sia efficace anche per me.<\/p><\/blockquote>\n<h2><b>Prezzo delle capsule Cardioxil e dove vendono?<\/b><\/h2>\n<p><img loading=\"lazy\" decoding=\"async\" class=\"aligncenter size-full wp-image-40\" src=\"http:\/\/wereinto.it\/news\/wp-content\/uploads\/2024\/01\/Cardioxil-10.jpg\" alt=\"Cardioxil opinioni\" width=\"500\" height=\"347\" srcset=\"https:\/\/wereinto.it\/news\/wp-content\/uploads\/2024\/01\/Cardioxil-10.jpg 500w, https:\/\/wereinto.it\/news\/wp-content\/uploads\/2024\/01\/Cardioxil-10-300x208.jpg 300w\" sizes=\"(max-width: 500px) 100vw, 500px\" \/><\/p>\n<p>Adesso ti spiegheremo come avviene il tutto. Tutti i clienti interessati possono dove vendono facilmente Cardioxil ad un prezzo conveniente. Il produttore dell&#8217;integratore alimentare per un cuore sano lo offre solo al momento dell&#8217;ordine sul sito ufficiale. L\u00ec puoi compilare un modulo e poi ricevere la consegna, oltre a un prezzo interessante Cardioxil.<\/p>\n<p>C&#8217;\u00e8 un&#8217;altra cosa importante da spiegare qui. Stiamo parlando di varie campagne pubblicitarie organizzate dal produttore di capsule per la pulizia dei vasi sanguigni. Tutti questi eventi garantiscono ulteriori sconti. In altre parole, i clienti potranno beneficiare di un ottimo prezzo Cardioxil.<\/p>\n<h2><b>Cerca Cardioxil in una farmacia<\/b><\/h2>\n<p>No, non troverai l&#8217;originale walmart Cardioxil in farmacia. Questa \u00e8 semplicemente la politica distributiva dell&#8217;azienda produttrice. Pertanto, se in farmacia o in un altro negozio trovi un prodotto che assomiglia a Cardioxil, non \u00e8 quel prodotto. Sappiamo tutti che sul mercato ci sono vari falsi e altre truffe di cui tutti dobbiamo stare attenti.<\/p>\n","protected":false},"excerpt":{"rendered":"<p>Cardioxil \u00e8 un integratore naturale progettato per favorire la salute del cuore e aiutare a mantenere una pressione sanguigna stabile. La sua formula biologica brevettata lo rende sicuro per l&#8217;uso prolungato, senza rischi di effetti indesiderati.<\/p>\n","protected":false},"featured_media":67,"comment_status":"open","ping_status":"closed","template":"","meta":[],"product_cat":[17],"product_tag":[],"class_list":{"0":"post-66","1":"product","2":"type-product","3":"status-publish","4":"has-post-thumbnail","6":"product_cat-uncategorized","8":"first","9":"instock","10":"sale","11":"shipping-taxable","12":"purchasable","13":"product-type-simple"},"yoast_head":"<!-- This site is optimized with the Yoast SEO plugin v21.8 - https:\/\/yoast.com\/wordpress\/plugins\/seo\/ -->\n<title>Cardioxil acquista capsule per l&#039;ipertensione su Wereinto<\/title>\n<meta name=\"robots\" content=\"noindex, follow, max-snippet:-1, max-image-preview:large, max-video-preview:-1\" \/>\n<meta property=\"og:locale\" content=\"it_IT\" \/>\n<meta property=\"og:type\" content=\"article\" \/>\n<meta property=\"og:title\" content=\"Cardioxil acquista capsule per l&#039;ipertensione su Wereinto\" \/>\n<meta property=\"og:description\" content=\"Cardioxil \u00e8 un integratore naturale progettato per favorire la salute del cuore e aiutare a mantenere una pressione sanguigna stabile. La sua formula biologica brevettata lo rende sicuro per l&#039;uso prolungato, senza rischi di effetti indesiderati.\" \/>\n<meta property=\"og:url\" content=\"https:\/\/wereinto.it\/news\/product\/cardioxil\/\" \/>\n<meta property=\"og:site_name\" content=\"wereinto\" \/>\n<meta property=\"article:modified_time\" content=\"2024-10-30T11:32:56+00:00\" \/>\n<meta property=\"og:image\" content=\"http:\/\/wereinto.it\/news\/wp-content\/uploads\/2024\/10\/Cardioxil.jpg\" \/>\n\t<meta property=\"og:image:width\" content=\"225\" \/>\n\t<meta property=\"og:image:height\" content=\"359\" \/>\n\t<meta property=\"og:image:type\" content=\"image\/jpeg\" \/>\n<meta name=\"twitter:card\" content=\"summary_large_image\" \/>\n<meta name=\"twitter:label1\" content=\"Tempo di lettura stimato\" \/>\n\t<meta name=\"twitter:data1\" content=\"8 minuti\" \/>\n<script type=\"application\/ld+json\" class=\"yoast-schema-graph\">{\"@context\":\"https:\/\/schema.org\",\"@graph\":[{\"@type\":\"WebPage\",\"@id\":\"https:\/\/wereinto.it\/news\/product\/cardioxil\/\",\"url\":\"https:\/\/wereinto.it\/news\/product\/cardioxil\/\",\"name\":\"Cardioxil acquista capsule per l'ipertensione su Wereinto\",\"isPartOf\":{\"@id\":\"https:\/\/wereinto.it\/news\/#website\"},\"datePublished\":\"2024-10-26T17:13:40+00:00\",\"dateModified\":\"2024-10-30T11:32:56+00:00\",\"breadcrumb\":{\"@id\":\"https:\/\/wereinto.it\/news\/product\/cardioxil\/#breadcrumb\"},\"inLanguage\":\"it-IT\",\"potentialAction\":[{\"@type\":\"ReadAction\",\"target\":[\"https:\/\/wereinto.it\/news\/product\/cardioxil\/\"]}]},{\"@type\":\"BreadcrumbList\",\"@id\":\"https:\/\/wereinto.it\/news\/product\/cardioxil\/#breadcrumb\",\"itemListElement\":[{\"@type\":\"ListItem\",\"position\":1,\"name\":\"Home\",\"item\":\"https:\/\/wereinto.it\/news\/\"},{\"@type\":\"ListItem\",\"position\":2,\"name\":\"Negozio\",\"item\":\"https:\/\/wereinto.it\/news\/\"},{\"@type\":\"ListItem\",\"position\":3,\"name\":\"Cardioxil\"}]},{\"@type\":\"WebSite\",\"@id\":\"https:\/\/wereinto.it\/news\/#website\",\"url\":\"https:\/\/wereinto.it\/news\/\",\"name\":\"wereinto\",\"description\":\"news\",\"potentialAction\":[{\"@type\":\"SearchAction\",\"target\":{\"@type\":\"EntryPoint\",\"urlTemplate\":\"https:\/\/wereinto.it\/news\/?s={search_term_string}\"},\"query-input\":\"required name=search_term_string\"}],\"inLanguage\":\"it-IT\"}]}<\/script>\n<!-- \/ Yoast SEO plugin. -->","yoast_head_json":{"title":"Cardioxil acquista capsule per l'ipertensione su Wereinto","robots":{"index":"noindex","follow":"follow","max-snippet":"max-snippet:-1","max-image-preview":"max-image-preview:large","max-video-preview":"max-video-preview:-1"},"og_locale":"it_IT","og_type":"article","og_title":"Cardioxil acquista capsule per l'ipertensione su Wereinto","og_description":"Cardioxil \u00e8 un integratore naturale progettato per favorire la salute del cuore e aiutare a mantenere una pressione sanguigna stabile. La sua formula biologica brevettata lo rende sicuro per l'uso prolungato, senza rischi di effetti indesiderati.","og_url":"https:\/\/wereinto.it\/news\/product\/cardioxil\/","og_site_name":"wereinto","article_modified_time":"2024-10-30T11:32:56+00:00","og_image":[{"width":225,"height":359,"url":"http:\/\/wereinto.it\/news\/wp-content\/uploads\/2024\/10\/Cardioxil.jpg","type":"image\/jpeg"}],"twitter_card":"summary_large_image","twitter_misc":{"Tempo di lettura stimato":"8 minuti"},"schema":{"@context":"https:\/\/schema.org","@graph":[{"@type":"WebPage","@id":"https:\/\/wereinto.it\/news\/product\/cardioxil\/","url":"https:\/\/wereinto.it\/news\/product\/cardioxil\/","name":"Cardioxil acquista capsule per l'ipertensione su Wereinto","isPartOf":{"@id":"https:\/\/wereinto.it\/news\/#website"},"datePublished":"2024-10-26T17:13:40+00:00","dateModified":"2024-10-30T11:32:56+00:00","breadcrumb":{"@id":"https:\/\/wereinto.it\/news\/product\/cardioxil\/#breadcrumb"},"inLanguage":"it-IT","potentialAction":[{"@type":"ReadAction","target":["https:\/\/wereinto.it\/news\/product\/cardioxil\/"]}]},{"@type":"BreadcrumbList","@id":"https:\/\/wereinto.it\/news\/product\/cardioxil\/#breadcrumb","itemListElement":[{"@type":"ListItem","position":1,"name":"Home","item":"https:\/\/wereinto.it\/news\/"},{"@type":"ListItem","position":2,"name":"Negozio","item":"https:\/\/wereinto.it\/news\/"},{"@type":"ListItem","position":3,"name":"Cardioxil"}]},{"@type":"WebSite","@id":"https:\/\/wereinto.it\/news\/#website","url":"https:\/\/wereinto.it\/news\/","name":"wereinto","description":"news","potentialAction":[{"@type":"SearchAction","target":{"@type":"EntryPoint","urlTemplate":"https:\/\/wereinto.it\/news\/?s={search_term_string}"},"query-input":"required name=search_term_string"}],"inLanguage":"it-IT"}]}},"_links":{"self":[{"href":"https:\/\/wereinto.it\/news\/wp-json\/wp\/v2\/product\/66"}],"collection":[{"href":"https:\/\/wereinto.it\/news\/wp-json\/wp\/v2\/product"}],"about":[{"href":"https:\/\/wereinto.it\/news\/wp-json\/wp\/v2\/types\/product"}],"replies":[{"embeddable":true,"href":"https:\/\/wereinto.it\/news\/wp-json\/wp\/v2\/comments?post=66"}],"wp:featuredmedia":[{"embeddable":true,"href":"https:\/\/wereinto.it\/news\/wp-json\/wp\/v2\/media\/67"}],"wp:attachment":[{"href":"https:\/\/wereinto.it\/news\/wp-json\/wp\/v2\/media?parent=66"}],"wp:term":[{"taxonomy":"product_cat","embeddable":true,"href":"https:\/\/wereinto.it\/news\/wp-json\/wp\/v2\/product_cat?post=66"},{"taxonomy":"product_tag","embeddable":true,"href":"https:\/\/wereinto.it\/news\/wp-json\/wp\/v2\/product_tag?post=66"}],"curies":[{"name":"wp","href":"https:\/\/api.w.org\/{rel}","templated":true}]}}